{"id":5877,"date":"2015-06-29T08:48:46","date_gmt":"2015-06-29T06:48:46","guid":{"rendered":"http:\/\/wedesignthemes.com\/themes\/testdata\/?page_id=4551"},"modified":"2023-12-09T09:28:06","modified_gmt":"2023-12-09T08:28:06","slug":"team","status":"publish","type":"page","link":"https:\/\/www.leb-chiropractic.de\/en\/team\/","title":{"rendered":"Team"},"content":{"rendered":"<div class=\"wpb-content-wrapper\"><div class=\"vc_row wpb_row vc_row-fluid\" data-lang=\"English\"><div class=\"wpb_column vc_column_container vc_col-sm-12\"><div class=\"vc_column-inner\"><div class=\"wpb_wrapper\"><h1>Our chiropractors<\/h1><div class=\"vc_separator wpb_content_element vc_separator_align_center vc_sep_width_100 vc_sep_border_width_5 vc_sep_pos_align_center vc_separator_no_text vc_sep_color_grey wpb_content_element  wpb_content_element\" ><span class=\"vc_sep_holder vc_sep_holder_l\"><span class=\"vc_sep_line\"><\/span><\/span><span class=\"vc_sep_holder vc_sep_holder_r\"><span class=\"vc_sep_line\"><\/span><\/span>\n<\/div><\/div><\/div><\/div><div class=\"wpb_column vc_column_container vc_col-sm-12\"><div class=\"vc_column-inner\"><div class=\"wpb_wrapper\"><div class='dt-sc-team type2'><div class='dt-sc-team-thumb'><img loading=\"lazy\" decoding=\"async\" width=\"431\" height=\"426\" src=\"https:\/\/www.leb-chiropractic.de\/wp-content\/uploads\/2019\/03\/monikaberger_square.jpg\" class=\"attachment-full\" alt=\"\" title=\"monikaberger_square\" srcset=\"https:\/\/www.leb-chiropractic.de\/wp-content\/uploads\/2019\/03\/monikaberger_square.jpg 431w, https:\/\/www.leb-chiropractic.de\/wp-content\/uploads\/2019\/03\/monikaberger_square-300x297.jpg 300w\" sizes=\"auto, (max-width: 431px) 100vw, 431px\" \/><div class='dt-sc-team-thumb-overlay'><\/div><\/div><div class='dt-sc-team-details'><h4>Monika Berger<\/h4><h5>Master of Chiropractic<\/h5><p>I hope that more people will discover chiropractic for themselves. It often offers a real alternative to the operations and medicines offered in conventional medicine. I look forward to seeing you and your family with us.<\/p><\/div><\/div><div class='dt-sc-toggle-group-set'><div class=\"dt-sc-toggle-frame\">\t<h5 class='dt-sc-toggle'><a href='#'>More information about M. Berger<\/a><\/h5>\t<div class=\"dt-sc-toggle-content\" style=\"display: none;\">\t\t<div class=\"block\"><ul>\n<li><strong>ab 2000<\/strong> ehrenamtliche T\u00e4tigkeit beim Malteser Hilfsdienst Braunschweig als Einsatzsanit\u00e4terin, Erste-Hilfe-Ausbilderin und bei der realistischen Notfalldarstellung<\/li>\n<li><strong>2002\u20132005<\/strong> Ausbildung zur Gesundheits- und Krankenpflegerin in der ev.-luth. Diakonissenanstalt Braunschweig Marienstift<\/li>\n<li><strong>2005\u20132009<\/strong> Chiropractic-Studium am Welsh Institute of Chiropractic, Trefforest, South Wales<\/li>\n<li>Teilzeitarbeit als Chiropraktische Assistentin, beim Hausnotruf und in der ambulanten Pflege<\/li>\n<li><strong>2009<\/strong> Master of Chiropractic<\/li>\n<li><strong>seit 2009<\/strong> fortlaufende Weiterbildung in der \u201eSacro-occipital technique\u201c, \u201eNetwork Spinal Analysis \u2013 Basic Care\u201c, Rehabilitation und P\u00e4diatrie<\/li>\n<li><strong>2009 <\/strong>Sussex Family Chiropractic, East Grinstead, United Kingdom<\/li>\n<li><strong>2009\u20132010<\/strong> blue mountain family chiropractic, Ashburton, United Kingdom<\/li>\n<li><strong>2010\u20132012<\/strong> Chiropractic Bad Soden, Deutschland<\/li>\n<li><strong>seit September 2012<\/strong> Leb Chiropractic, Wiesbaden, Deutschland<\/li>\n<li><strong>2023<\/strong> Dozentin am Health Campus f\u00fcr den Studiengang Bachelor\/Master of Chiropractic in Braunschweig<\/li>\n<\/ul>\t\t<\/div>\t<\/div><\/div><div class=\"dt-sc-toggle-frame\">\t<h5 class='dt-sc-toggle'><a href='#'>Further education<\/a><\/h5>\t<div class=\"dt-sc-toggle-content\" style=\"display: none;\">\t\t<div class=\"block\">\u00a0<\/p>\n<table>\n<tbody>\n<tr>\n<td>06.10.2007<\/td>\n<td>The Back Show \u2013 Spondylolisthesis Seminar (UK)<\/td>\n<\/tr>\n<tr>\n<td>17.-18.01.2009<\/td>\n<td>D. Hort \u2013 Network Spinal Analysis Basis Care Intensive (Cardiff, UK)<\/td>\n<\/tr>\n<tr>\n<td>24.-25.01.2009<\/td>\n<td>Dr Lisa Ryan \u2013 Sports Nutrition Seminar (AECC, Bournemouth, UK)<\/td>\n<\/tr>\n<tr>\n<td>31.01.2009<\/td>\n<td>Imaging of Sports Related Injuries Seminar (AECC, Bournemouth, UK)<\/td>\n<\/tr>\n<tr>\n<td>07-08.02.2009<\/td>\n<td>Craig Lieberson \u2013 Functional Rehabilitation: The Modern Patient-Centred Practice Seminar (AECC, Bournemouth,UK)<\/td>\n<\/tr>\n<tr>\n<td>03.04.2009<\/td>\n<td>\u00d6ssur Academy Sports Medicine Conference (Cardiff University, Cardiff, UK)<\/td>\n<\/tr>\n<tr>\n<td>2009<\/td>\n<td>Sarah and Randall Farant \u2013 Vital Practice Essential (UK)<\/td>\n<\/tr>\n<tr>\n<td>04.-05.09.2010<\/td>\n<td>Steve Williams \u2013 Pregnancy & birth trauma (UK)<\/td>\n<\/tr>\n<tr>\n<td>02.-03.10.2010<\/td>\n<td>Steve Williams \u2013 Neonatal & infant examination & treatment (UK)<\/td>\n<\/tr>\n<tr>\n<td>02.-03.10.2010<\/td>\n<td>Five Star Management (UK)<\/td>\n<\/tr>\n<tr>\n<td>29.-30.01.2011<\/td>\n<td>SOTO \u2013 Europe, Foundation of SOT 1 (UK)<\/td>\n<\/tr>\n<tr>\n<td>26.-27.02.2011<\/td>\n<td>SOTO \u2013 Europe, Foundation of SOT 2 (UK)<\/td>\n<\/tr>\n<tr>\n<td>26.-27.03.2011<\/td>\n<td>SOTO \u2013 Europe, Extremities (UK)<\/td>\n<\/tr>\n<tr>\n<td>28.-29.01.2012<\/td>\n<td>SOTO \u2013 Europe, Management of Category I & III (UK)<\/td>\n<\/tr>\n<tr>\n<td>25.-26.02.2012<\/td>\n<td>SOTO \u2013 Europe, Sutural Techniques (UK)<\/td>\n<\/tr>\n<tr>\n<td>24.-25.03.2012<\/td>\n<td>SOTO \u2013 Europe, Category I Intraorals (UK)<\/td>\n<\/tr>\n<tr>\n<td>14.09.2013<\/td>\n<td>Jon Howat \u2013 Cranial sweep (Hamburg, Deutschland)<\/td>\n<\/tr>\n<tr>\n<td>05.2016<\/td>\n<td>Gabrielle Orr \u2013 Akashic Record reading (Deutschland)<\/td>\n<\/tr>\n<tr>\n<td>03.2017<\/td>\n<td>life-coaching-centre \u2013 day of change, finanzielle Situation (Deggendorf, Deutschland)<\/td>\n<\/tr>\n<tr>\n<td>30.09.2017<\/td>\n<td>Brain Neuroplasticity \u2013 The Brain. New insights and functional neurologic approach (Leiden, Netherlands)<\/td>\n<\/tr>\n<tr>\n<td>11.11.2017<\/td>\n<td>DCG \u2013 Seminar (Leipzig, Deutschland)<\/td>\n<\/tr>\n<tr>\n<td>25.-26.02.2018<\/td>\n<td>SOTO \u2013 Europe, CMRT 1 (Sunningdale, UK)<\/td>\n<\/tr>\n<tr>\n<td>12.-13.05.2018<\/td>\n<td>SOTO \u2013 Europe, CMRT 2 (Amsterdam, Netherlands)<\/td>\n<\/tr>\n<tr>\n<td>20.-21.10.2018<\/td>\n<td>D\u00c4GAK \u2013 Kongress 2018 Braunschweig (Braunschweig, Deutschland)<\/td>\n<\/tr>\n<tr>\n<td>01.2019<\/td>\n<td>SOTO \u2013 Europe, Anatomy of SOT<\/td>\n<\/tr>\n<tr>\n<td>21.-23.03.2019<\/td>\n<td>EPIC Kongress (ECU, WFC) \/ Heidi Haavik (Berlin)<\/td>\n<\/tr>\n<tr>\n<td>11.10.2019<\/td>\n<td>D\u00c4GAK, Applied Kinesiology \u2013 Einf\u00fchrung und IRT (Heidelberg)<\/td>\n<\/tr>\n<tr>\n<td>2021 und 2022<\/td>\n<td>Training as a systemic family and organizational constellator and solution-oriented coach<\/td>\n<\/tr>\n<tr>\n<td>26.03.2022<\/td>\n<td>DCG Seminar: MRI of the spine for chiropractors<\/td>\n<\/tr>\n<tr>\n<td>25.\u201326.03.2023<\/td>\n<td>SOTO-Cranial Specifics, Heathrow, United Kingdom<\/td>\n<\/tr>\n<\/tbody>\n<\/table>\t\t<\/div>\t<\/div><\/div><\/div><\/div><\/div><\/div><\/div><div class=\"vc_row wpb_row vc_row-fluid\" data-lang=\"English\"><div class=\"wpb_column vc_column_container vc_col-sm-12\"><div class=\"vc_column-inner\"><div class=\"wpb_wrapper\"><div class='dt-sc-toggle-group-set'><\/div><\/div><\/div><\/div><div class=\"aligncenter wpb_column vc_column_container vc_col-sm-12\"><div class=\"vc_column-inner\"><div class=\"wpb_wrapper\"><div class='dt-sc-small-separator'><\/div><h2>Our assistants<\/h2><div class='dt-sc-hr-invisible-small'> <\/div><div class='dt-sc-clear'> <\/div><\/div><\/div><\/div><\/div><div class=\"vc_row wpb_row vc_row-fluid\" data-lang=\"English\"><div class=\"rs_col-sm-6 wpb_column vc_column_container vc_col-sm-6\"><div class=\"vc_column-inner\"><div class=\"wpb_wrapper\">\n\t<div class=\"wpb_text_column wpb_content_element\" >\n\t\t<div class=\"wpb_wrapper\">\n\t\t\t<h4 style=\"text-align: center;\">Practice Management<\/h4>\n\n\t\t<\/div>\n\t<\/div>\n<div class=\"vc_separator wpb_content_element vc_separator_align_center vc_sep_width_100 vc_sep_border_width_5 vc_sep_pos_align_center vc_separator_no_text vc_sep_color_grey wpb_content_element  wpb_content_element\" ><span class=\"vc_sep_holder vc_sep_holder_l\"><span class=\"vc_sep_line\"><\/span><\/span><span class=\"vc_sep_holder vc_sep_holder_r\"><span class=\"vc_sep_line\"><\/span><\/span>\n<\/div>\n\t<div  class=\"wpb_single_image wpb_content_element vc_align_center wpb_content_element\">\n\t\t\n\t\t<figure class=\"wpb_wrapper vc_figure\">\n\t\t\t<div class=\"vc_single_image-wrapper vc_box_rounded  vc_box_border_grey\"><img loading=\"lazy\" decoding=\"async\" width=\"206\" height=\"300\" src=\"https:\/\/www.leb-chiropractic.de\/wp-content\/uploads\/2019\/03\/Bianca_Cataldo_Norm-206x300.png\" class=\"vc_single_image-img attachment-medium\" alt=\"\" title=\"Bianca_Cataldo_Norm\" srcset=\"https:\/\/www.leb-chiropractic.de\/wp-content\/uploads\/2019\/03\/Bianca_Cataldo_Norm-206x300.png 206w, https:\/\/www.leb-chiropractic.de\/wp-content\/uploads\/2019\/03\/Bianca_Cataldo_Norm.png 318w\" sizes=\"auto, (max-width: 206px) 100vw, 206px\" \/><\/div>\n\t\t<\/figure>\n\t<\/div>\n<div class='dt-sc-toggle-group-set'><div class=\"dt-sc-toggle-frame\">\t<h5 class='dt-sc-toggle'><a href='#'>Bianca Cataldo<\/a><\/h5>\t<div class=\"dt-sc-toggle-content\" style=\"display: none;\">\t\t<div class=\"block\">\u201eWirbels\u00e4ulen und ihr Bezug zum Nervensystem mit ihren Auswirkungen auf das Wohlbefinden haben mich durch eigene Erfahrungen schon immer fasziniert.\nBei meiner jetzigen Stellung als Praxismanagerin kann ich meine pers\u00f6nliche Begeisterung und \u00dcberzeugung mit dem Beruflichen verbinden. Wenn Sie Fragen haben, sprechen Sie mich gerne an!\u201c\t\t<\/div>\t<\/div><\/div><\/div><div class=\"vc_separator wpb_content_element vc_separator_align_center vc_sep_width_100 vc_sep_border_width_5 vc_sep_pos_align_center vc_separator_no_text vc_sep_color_grey wpb_content_element  wpb_content_element\" ><span class=\"vc_sep_holder vc_sep_holder_l\"><span class=\"vc_sep_line\"><\/span><\/span><span class=\"vc_sep_holder vc_sep_holder_r\"><span class=\"vc_sep_line\"><\/span><\/span>\n<\/div><\/div><\/div><\/div><div class=\"rs_col-sm-6 wpb_column vc_column_container vc_col-sm-6\"><div class=\"vc_column-inner\"><div class=\"wpb_wrapper\">\n\t<div class=\"wpb_text_column wpb_content_element\" >\n\t\t<div class=\"wpb_wrapper\">\n\t\t\t<h4 style=\"text-align: center;\">Chiropractic Assistant<\/h4>\n\n\t\t<\/div>\n\t<\/div>\n<div class=\"vc_separator wpb_content_element vc_separator_align_center vc_sep_width_100 vc_sep_border_width_5 vc_sep_pos_align_center vc_separator_no_text vc_sep_color_grey wpb_content_element  wpb_content_element\" ><span class=\"vc_sep_holder vc_sep_holder_l\"><span class=\"vc_sep_line\"><\/span><\/span><span class=\"vc_sep_holder vc_sep_holder_r\"><span class=\"vc_sep_line\"><\/span><\/span>\n<\/div>\n\t<div  class=\"wpb_single_image wpb_content_element vc_align_center wpb_content_element\">\n\t\t\n\t\t<figure class=\"wpb_wrapper vc_figure\">\n\t\t\t<div class=\"vc_single_image-wrapper vc_box_rounded  vc_box_border_grey\"><img loading=\"lazy\" decoding=\"async\" width=\"206\" height=\"300\" src=\"https:\/\/www.leb-chiropractic.de\/wp-content\/uploads\/2019\/03\/Doris_Schmitz_Norm-206x300.png\" class=\"vc_single_image-img attachment-medium\" alt=\"\" title=\"Doris_Schmitz_Norm\" srcset=\"https:\/\/www.leb-chiropractic.de\/wp-content\/uploads\/2019\/03\/Doris_Schmitz_Norm-206x300.png 206w, https:\/\/www.leb-chiropractic.de\/wp-content\/uploads\/2019\/03\/Doris_Schmitz_Norm.png 318w\" sizes=\"auto, (max-width: 206px) 100vw, 206px\" \/><\/div>\n\t\t<\/figure>\n\t<\/div>\n<div class='dt-sc-toggle-group-set'><div class=\"dt-sc-toggle-frame\">\t<h5 class='dt-sc-toggle'><a href='#'>Doris Schmitz<\/a><\/h5>\t<div class=\"dt-sc-toggle-content\" style=\"display: none;\">\t\t<div class=\"block\">\u201eIch finde es faszinierend, wie die Chiropractic v\u00f6llig nebenwirkungsfrei die Unversehrtheit der Wirbels\u00e4ule und des Nervensystems erh\u00e4lt und gesundheitlichen Problemen vorbeugt. Sie ist gleichzeitig eine alternative Heilbehandlung, die langfristig nicht nur bei R\u00fccken-, Nacken- und Kopfschmerzen hilft. Chiropractic ist etwas kleines, was einen gro\u00dfen Unterschied macht. Das erlebe ich in der Praxis Leb Chiropractic nicht nur als Mitarbeiterin, sondern auch als zufriedene Kundin.\u201c\t\t<\/div>\t<\/div><\/div><\/div><div class=\"vc_separator wpb_content_element vc_separator_align_center vc_sep_width_100 vc_sep_border_width_5 vc_sep_pos_align_center vc_separator_no_text vc_sep_color_grey wpb_content_element  wpb_content_element\" ><span class=\"vc_sep_holder vc_sep_holder_l\"><span class=\"vc_sep_line\"><\/span><\/span><span class=\"vc_sep_holder vc_sep_holder_r\"><span class=\"vc_sep_line\"><\/span><\/span>\n<\/div><\/div><\/div><\/div><\/div><div class=\"vc_row wpb_row vc_row-fluid\" data-lang=\"English\"><div class=\"rs_col-sm-6 wpb_column vc_column_container vc_col-sm-6\"><div class=\"vc_column-inner\"><div class=\"wpb_wrapper\">\n\t<div class=\"wpb_text_column wpb_content_element\" >\n\t\t<div class=\"wpb_wrapper\">\n\t\t\t<h4 style=\"text-align: center;\">Chiropractic Assistant<\/h4>\n\n\t\t<\/div>\n\t<\/div>\n<div class=\"vc_separator wpb_content_element vc_separator_align_center vc_sep_width_100 vc_sep_border_width_5 vc_sep_pos_align_center vc_separator_no_text vc_sep_color_grey wpb_content_element  wpb_content_element\" ><span class=\"vc_sep_holder vc_sep_holder_l\"><span class=\"vc_sep_line\"><\/span><\/span><span class=\"vc_sep_holder vc_sep_holder_r\"><span class=\"vc_sep_line\"><\/span><\/span>\n<\/div>\n\t<div  class=\"wpb_single_image wpb_content_element vc_align_center wpb_content_element\">\n\t\t\n\t\t<figure class=\"wpb_wrapper vc_figure\">\n\t\t\t<div class=\"vc_single_image-wrapper vc_box_rounded  vc_box_border_grey\"><img loading=\"lazy\" decoding=\"async\" width=\"225\" height=\"300\" src=\"https:\/\/www.leb-chiropractic.de\/wp-content\/uploads\/2023\/12\/IMG_2078-BF-225x300.jpg\" class=\"vc_single_image-img attachment-medium\" alt=\"\" title=\"IMG_2078 BF\" srcset=\"https:\/\/www.leb-chiropractic.de\/wp-content\/uploads\/2023\/12\/IMG_2078-BF-225x300.jpg 225w, https:\/\/www.leb-chiropractic.de\/wp-content\/uploads\/2023\/12\/IMG_2078-BF-9x12.jpg 9w, https:\/\/www.leb-chiropractic.de\/wp-content\/uploads\/2023\/12\/IMG_2078-BF-540x720.jpg 540w, https:\/\/www.leb-chiropractic.de\/wp-content\/uploads\/2023\/12\/IMG_2078-BF.jpg 600w\" sizes=\"auto, (max-width: 225px) 100vw, 225px\" \/><\/div>\n\t\t<\/figure>\n\t<\/div>\n<div class='dt-sc-toggle-group-set'><div class=\"dt-sc-toggle-frame\">\t<h5 class='dt-sc-toggle'><a href='#'>Elena Fr\u00fchauf<\/a><\/h5>\t<div class=\"dt-sc-toggle-content\" style=\"display: none;\">\t\t<div class=\"block\">\t\t<\/div>\t<\/div><\/div><\/div><div class=\"vc_separator wpb_content_element vc_separator_align_center vc_sep_width_100 vc_sep_border_width_5 vc_sep_pos_align_center vc_separator_no_text vc_sep_color_grey wpb_content_element  wpb_content_element\" ><span class=\"vc_sep_holder vc_sep_holder_l\"><span class=\"vc_sep_line\"><\/span><\/span><span class=\"vc_sep_holder vc_sep_holder_r\"><span class=\"vc_sep_line\"><\/span><\/span>\n<\/div><\/div><\/div><\/div><div class=\"rs_col-sm-6 wpb_column vc_column_container vc_col-sm-6\"><div class=\"vc_column-inner\"><div class=\"wpb_wrapper\">\n\t<div class=\"wpb_text_column wpb_content_element\" >\n\t\t<div class=\"wpb_wrapper\">\n\t\t\t<h4 style=\"text-align: center;\">Chiropractic Assistant<\/h4>\n\n\t\t<\/div>\n\t<\/div>\n<div class=\"vc_separator wpb_content_element vc_separator_align_center vc_sep_width_100 vc_sep_border_width_5 vc_sep_pos_align_center vc_separator_no_text vc_sep_color_grey wpb_content_element  wpb_content_element\" ><span class=\"vc_sep_holder vc_sep_holder_l\"><span class=\"vc_sep_line\"><\/span><\/span><span class=\"vc_sep_holder vc_sep_holder_r\"><span class=\"vc_sep_line\"><\/span><\/span>\n<\/div>\n\t<div  class=\"wpb_single_image wpb_content_element vc_align_center wpb_content_element\">\n\t\t\n\t\t<figure class=\"wpb_wrapper vc_figure\">\n\t\t\t<div class=\"vc_single_image-wrapper vc_box_rounded  vc_box_border_grey\"><img loading=\"lazy\" decoding=\"async\" width=\"225\" height=\"300\" src=\"https:\/\/www.leb-chiropractic.de\/wp-content\/uploads\/2023\/12\/IMG_2087-BF-225x300.jpg\" class=\"vc_single_image-img attachment-medium\" alt=\"\" title=\"IMG_2087 BF\" srcset=\"https:\/\/www.leb-chiropractic.de\/wp-content\/uploads\/2023\/12\/IMG_2087-BF-225x300.jpg 225w, https:\/\/www.leb-chiropractic.de\/wp-content\/uploads\/2023\/12\/IMG_2087-BF-9x12.jpg 9w, https:\/\/www.leb-chiropractic.de\/wp-content\/uploads\/2023\/12\/IMG_2087-BF-540x720.jpg 540w, https:\/\/www.leb-chiropractic.de\/wp-content\/uploads\/2023\/12\/IMG_2087-BF.jpg 600w\" sizes=\"auto, (max-width: 225px) 100vw, 225px\" \/><\/div>\n\t\t<\/figure>\n\t<\/div>\n<div class='dt-sc-toggle-group-set'><div class=\"dt-sc-toggle-frame\">\t<h5 class='dt-sc-toggle'><a href='#'>Anja Sonnenschein<\/a><\/h5>\t<div class=\"dt-sc-toggle-content\" style=\"display: none;\">\t\t<div class=\"block\">\t\t<\/div>\t<\/div><\/div><\/div><div class=\"vc_separator wpb_content_element vc_separator_align_center vc_sep_width_100 vc_sep_border_width_5 vc_sep_pos_align_center vc_separator_no_text vc_sep_color_grey wpb_content_element  wpb_content_element\" ><span class=\"vc_sep_holder vc_sep_holder_l\"><span class=\"vc_sep_line\"><\/span><\/span><span class=\"vc_sep_holder vc_sep_holder_r\"><span class=\"vc_sep_line\"><\/span><\/span>\n<\/div><\/div><\/div><\/div><\/div>\n<\/div>","protected":false},"excerpt":{"rendered":"Unsere Chiropraktorinnen Monika BergerMaster of ChiropracticIch w\u00fcnsche mir, dass mehr Menschen die Chiropraktik f\u00fcr sich entdecken. Sie bietet oft eine echte Alternative zu den in der Schulmedizin h\u00e4ufig angebotenen Operationen und Medikamenten. Ich freue mich darauf Sie und Ihre Familie bei uns zu sehen. Mehr Informationen \u00fcber M. Berger ab 2000 ehrenamtliche T\u00e4tigkeit beim Malteser [...]","protected":false},"author":1,"featured_media":0,"parent":0,"menu_order":0,"comment_status":"open","ping_status":"closed","template":"","meta":{"footnotes":""},"class_list":["post-5877","page","type-page","status-publish","hentry"],"_links":{"self":[{"href":"https:\/\/www.leb-chiropractic.de\/en\/wp-json\/wp\/v2\/pages\/5877","targetHints":{"allow":["GET"]}}],"collection":[{"href":"https:\/\/www.leb-chiropractic.de\/en\/wp-json\/wp\/v2\/pages"}],"about":[{"href":"https:\/\/www.leb-chiropractic.de\/en\/wp-json\/wp\/v2\/types\/page"}],"author":[{"embeddable":true,"href":"https:\/\/www.leb-chiropractic.de\/en\/wp-json\/wp\/v2\/users\/1"}],"replies":[{"embeddable":true,"href":"https:\/\/www.leb-chiropractic.de\/en\/wp-json\/wp\/v2\/comments?post=5877"}],"version-history":[{"count":35,"href":"https:\/\/www.leb-chiropractic.de\/en\/wp-json\/wp\/v2\/pages\/5877\/revisions"}],"predecessor-version":[{"id":15229,"href":"https:\/\/www.leb-chiropractic.de\/en\/wp-json\/wp\/v2\/pages\/5877\/revisions\/15229"}],"wp:attachment":[{"href":"https:\/\/www.leb-chiropractic.de\/en\/wp-json\/wp\/v2\/media?parent=5877"}],"curies":[{"name":"wp","href":"https:\/\/api.w.org\/{rel}","templated":true}]}}