{"id":216,"date":"2018-01-20T09:32:44","date_gmt":"2018-01-20T08:32:44","guid":{"rendered":"http:\/\/helenspa.dttheme.com\/?page_id=216"},"modified":"2023-01-25T14:00:08","modified_gmt":"2023-01-25T13:00:08","slug":"behandlung","status":"publish","type":"page","link":"https:\/\/www.leb-chiropractic.de\/en\/behandlung\/","title":{"rendered":"Treatment"},"content":{"rendered":"<div class=\"wpb-content-wrapper\"><div class=\"vc_row wpb_row vc_row-fluid\" data-lang=\"English\"><div class=\"wpb_column vc_column_container vc_col-sm-12\"><div class=\"vc_column-inner\"><div class=\"wpb_wrapper\"><div class=\"vc_separator wpb_content_element vc_separator_align_center vc_sep_width_100 vc_sep_border_width_5 vc_sep_pos_align_center vc_separator_no_text vc_sep_color_grey wpb_content_element  wpb_content_element\" ><span class=\"vc_sep_holder vc_sep_holder_l\"><span class=\"vc_sep_line\"><\/span><\/span><span class=\"vc_sep_holder vc_sep_holder_r\"><span class=\"vc_sep_line\"><\/span><\/span>\n<\/div><\/div><\/div><\/div><div class=\"wpb_column vc_column_container vc_col-sm-12\"><div class=\"vc_column-inner\"><div class=\"wpb_wrapper\"><h2>Wie l\u00e4uft eine Behandlung ab?<\/h2><div class='dt-sc-small-separator '><\/div><\/div><\/div><\/div><\/div><div class=\"vc_row wpb_row vc_row-fluid\" data-lang=\"English\"><div class=\"wpb_column vc_column_container vc_col-sm-6\"><div class=\"vc_column-inner\"><div class=\"wpb_wrapper\">\n\t<div class=\"wpb_video_widget wpb_content_element vc_clearfix   vc_video-aspect-ratio-169 vc_video-el-width-100 vc_video-align-center\" >\n\t\t<div class=\"wpb_wrapper\">\n\t\t\t\n\t\t\t<div class=\"wpb_video_wrapper\"><iframe loading=\"lazy\" title=\"Herzlich Willkommen bei Leb! Chiropractic\" width=\"500\" height=\"281\" src=\"https:\/\/www.youtube.com\/embed\/FTREyGsFS1A?feature=oembed\" frameborder=\"0\" allow=\"accelerometer; autoplay; clipboard-write; encrypted-media; gyroscope; picture-in-picture; web-share\" allowfullscreen><\/iframe><\/div>\n\t\t<\/div>\n\t<\/div>\n<\/div><\/div><\/div><div class=\"wpb_column vc_column_container vc_col-sm-6\"><div class=\"vc_column-inner\"><div class=\"wpb_wrapper\"><div class=\"vc_separator wpb_content_element vc_separator_align_center vc_sep_width_100 vc_sep_border_width_5 vc_sep_pos_align_center vc_separator_no_text vc_sep_color_grey wpb_content_element  wpb_content_element\" ><span class=\"vc_sep_holder vc_sep_holder_l\"><span class=\"vc_sep_line\"><\/span><\/span><span class=\"vc_sep_holder vc_sep_holder_r\"><span class=\"vc_sep_line\"><\/span><\/span>\n<\/div><div class='dt-sc-icon-box type4 '><div class=\"icon-wrapper\"><span class='fa fa-phone'> <\/span><\/div><div class=\"icon-content\"><h4>Terminvereinbarung<\/h4><p>Unsere Chiropraktischen Assistentinnen freuen sich w\u00e4hrend unserer \u00d6ffnungszeiten auf Ihren Anruf unter 0611 \u201397 13 95 21 und werden direkt mit Ihnen f\u00fcr die Erstuntersuchung und die Ergebnisbesprechung Termine finden. Au\u00dferhalb der \u00d6ffnungszeiten k\u00f6nnen Sie gerne Ihren Namen, Ihre Telefonnummer und Ihre Erreichbarkeit auf dem Anrufbeantworter hinterlassen. Wir rufen Sie gerne zur\u00fcck.<\/p><\/div><\/div>\n\t<div class=\"wpb_text_column wpb_content_element\" >\n\t\t<div class=\"wpb_wrapper\">\n\t\t\t<h3 style=\"text-align: center;\"><a href=\"tel:+4961197139521\">+49 (0) 611 97 13 95 21<\/a><\/h3>\n\n\t\t<\/div>\n\t<\/div>\n<div class=\"vc_empty_space\"   style=\"height: 32px\"><span class=\"vc_empty_space_inner\"><\/span><\/div><div class=\"vc_separator wpb_content_element vc_separator_align_center vc_sep_width_100 vc_sep_border_width_5 vc_sep_pos_align_center vc_separator_no_text vc_sep_color_grey wpb_content_element  wpb_content_element\" ><span class=\"vc_sep_holder vc_sep_holder_l\"><span class=\"vc_sep_line\"><\/span><\/span><span class=\"vc_sep_holder vc_sep_holder_r\"><span class=\"vc_sep_line\"><\/span><\/span>\n<\/div><\/div><\/div><\/div><\/div><div class=\"vc_row wpb_row vc_row-fluid\" data-lang=\"English\"><div class=\"wpb_column vc_column_container vc_col-sm-8\"><div class=\"vc_column-inner\"><div class=\"wpb_wrapper\"><h2>Erstuntersuchung<\/h2><div class='dt-sc-small-separator '><\/div><div class='dt-sc-icon-box type4 '><div class=\"icon-wrapper\"><span class='fa fa-question-circle-o'> <\/span><\/div><div class=\"icon-content\"><h4>Erkl\u00e4rung der Chiropraktik<\/h4><p>Uns ist es wichtig, dass Sie verstehen, was wir machen; deshalb erkl\u00e4ren wir Ihnen am Anfang kurz die Grundlagen der Chiropraktik. Dadurch k\u00f6nnen Sie besser nachvollziehen, warum wir einige gezielte Fragen stellen oder spezielle Tests machen.<\/p><\/div><\/div><div class='dt-sc-icon-box type4 '><div class=\"icon-wrapper\"><span class='fa fa-clipboard'> <\/span><\/div><div class=\"icon-content\"><h4>Anamnese \/ Gesundheitsgeschichte<\/h4><p>Bevor Ihre Chiropraktorin mit Ihnen ausf\u00fchrlich Ihre aktuelle Beschwerde bespricht, wird sie Sie \u00fcber Ihre generelle Gesundheit, Vorerkrankungen, Operationen, Unf\u00e4lle und Ihren Lebensstil befragen. Wir sehen immer den ganzen Menschen und f\u00fcr Sie unwichtig erscheinende Fragen sind f\u00fcr uns ggf. wichtig.<\/p><\/div><\/div><div class='dt-sc-icon-box type4 '><div class=\"icon-wrapper\"><span class='fa fa-search'> <\/span><\/div><div class=\"icon-content\"><h4>Untersuchung<\/h4><p>W\u00e4hrend der Untersuchung werden wir chiropraktische, orthop\u00e4dische und neurologische Tests mit Ihnen durchf\u00fchren, um zu sehen, woher das Problem wirklich kommt und Kompensationsmuster zu erkennen.<\/p>\n<p>Es empfiehlt sich bequeme Kleidung mitzubringen und m\u00f6glichst wenig Schmuck zu tragen.<\/p><\/div><\/div><div class='dt-sc-icon-box type4 '><div class=\"icon-wrapper\"><span class='fa fa-check-square-o'> <\/span><\/div><div class=\"icon-content\"><h4>Auswertung der Ergebnisse<\/h4><p>Bei uns wird niemals am ersten Tag behandelt. Erst m\u00fcssen die Ergebnisse ausgewertet, ggf. diese mit Ihren mitgebrachten R\u00f6ntgenbildern verglichen und entschieden werden, ob die Chiropraktik f\u00fcr Ihren Fall angebracht und sicher ist. Wenn es keine Einw\u00e4nde gibt, erstellen wir f\u00fcr Sie einen Adjustierungsplan und entscheiden, welche Techniken der Adjustierung bei Ihnen verwendet werden.<\/p><\/div><\/div><\/div><\/div><\/div><div class=\"wpb_column vc_column_container vc_col-sm-4\"><div class=\"vc_column-inner\"><div class=\"wpb_wrapper\">\n\t<div  class=\"wpb_single_image wpb_content_element vc_align_left wpb_content_element wpb_animate_when_almost_visible wpb_fadeIn fadeIn\">\n\t\t\n\t\t<figure class=\"wpb_wrapper vc_figure\">\n\t\t\t<a class=\"\" data-lightbox=\"lightbox[rel-216-2099066463]\" href=\"https:\/\/www.leb-chiropractic.de\/wp-content\/uploads\/2019\/03\/berger_behandlung__082-1024x682.jpg\" target=\"_self\" class=\"vc_single_image-wrapper vc_box_rounded  vc_box_border_grey\"><img loading=\"lazy\" decoding=\"async\" width=\"1024\" height=\"682\" src=\"https:\/\/www.leb-chiropractic.de\/wp-content\/uploads\/2019\/03\/berger_behandlung__082-1024x682.jpg\" class=\"vc_single_image-img attachment-large\" alt=\"\" title=\"berger_behandlung__082\" srcset=\"https:\/\/www.leb-chiropractic.de\/wp-content\/uploads\/2019\/03\/berger_behandlung__082-1024x682.jpg 1024w, https:\/\/www.leb-chiropractic.de\/wp-content\/uploads\/2019\/03\/berger_behandlung__082-300x200.jpg 300w, https:\/\/www.leb-chiropractic.de\/wp-content\/uploads\/2019\/03\/berger_behandlung__082-768x512.jpg 768w, https:\/\/www.leb-chiropractic.de\/wp-content\/uploads\/2019\/03\/berger_behandlung__082-750x500.jpg 750w, https:\/\/www.leb-chiropractic.de\/wp-content\/uploads\/2019\/03\/berger_behandlung__082-540x360.jpg 540w, https:\/\/www.leb-chiropractic.de\/wp-content\/uploads\/2019\/03\/berger_behandlung__082-600x400.jpg 600w, https:\/\/www.leb-chiropractic.de\/wp-content\/uploads\/2019\/03\/berger_behandlung__082.jpg 1361w\" sizes=\"auto, (max-width: 1024px) 100vw, 1024px\" \/><\/a>\n\t\t<\/figure>\n\t<\/div>\n<div class='dt-sc-small-separator '><\/div>\n\t<div  class=\"wpb_single_image wpb_content_element vc_align_left wpb_content_element wpb_animate_when_almost_visible wpb_fadeIn fadeIn\">\n\t\t\n\t\t<figure class=\"wpb_wrapper vc_figure\">\n\t\t\t<a class=\"\" data-lightbox=\"lightbox[rel-216-3239652307]\" href=\"https:\/\/www.leb-chiropractic.de\/wp-content\/uploads\/2019\/03\/berger_behandlung__164-1024x682.jpg\" target=\"_self\" class=\"vc_single_image-wrapper vc_box_rounded  vc_box_border_grey\"><img loading=\"lazy\" decoding=\"async\" width=\"1024\" height=\"682\" src=\"https:\/\/www.leb-chiropractic.de\/wp-content\/uploads\/2019\/03\/berger_behandlung__164-1024x682.jpg\" class=\"vc_single_image-img attachment-large\" alt=\"\" title=\"berger_behandlung__164\" srcset=\"https:\/\/www.leb-chiropractic.de\/wp-content\/uploads\/2019\/03\/berger_behandlung__164-1024x682.jpg 1024w, https:\/\/www.leb-chiropractic.de\/wp-content\/uploads\/2019\/03\/berger_behandlung__164-300x200.jpg 300w, https:\/\/www.leb-chiropractic.de\/wp-content\/uploads\/2019\/03\/berger_behandlung__164-768x512.jpg 768w, https:\/\/www.leb-chiropractic.de\/wp-content\/uploads\/2019\/03\/berger_behandlung__164-750x500.jpg 750w, https:\/\/www.leb-chiropractic.de\/wp-content\/uploads\/2019\/03\/berger_behandlung__164-540x360.jpg 540w, https:\/\/www.leb-chiropractic.de\/wp-content\/uploads\/2019\/03\/berger_behandlung__164-600x400.jpg 600w, https:\/\/www.leb-chiropractic.de\/wp-content\/uploads\/2019\/03\/berger_behandlung__164.jpg 1361w\" sizes=\"auto, (max-width: 1024px) 100vw, 1024px\" \/><\/a>\n\t\t<\/figure>\n\t<\/div>\n<\/div><\/div><\/div><\/div><div class=\"vc_row wpb_row vc_row-fluid\" data-lang=\"English\"><div class=\"wpb_column vc_column_container vc_col-sm-12\"><div class=\"vc_column-inner\"><div class=\"wpb_wrapper\"><div class=\"vc_separator wpb_content_element vc_separator_align_center vc_sep_width_100 vc_sep_border_width_5 vc_sep_pos_align_center vc_separator_no_text vc_sep_color_grey wpb_content_element  wpb_content_element\" ><span class=\"vc_sep_holder vc_sep_holder_l\"><span class=\"vc_sep_line\"><\/span><\/span><span class=\"vc_sep_holder vc_sep_holder_r\"><span class=\"vc_sep_line\"><\/span><\/span>\n<\/div><\/div><\/div><\/div><\/div><div class=\"vc_row wpb_row vc_row-fluid\" data-lang=\"English\"><div class=\"wpb_column vc_column_container vc_col-sm-4\"><div class=\"vc_column-inner\"><div class=\"wpb_wrapper\">\n\t<div  class=\"wpb_single_image wpb_content_element vc_align_left wpb_content_element wpb_animate_when_almost_visible wpb_fadeIn fadeIn\">\n\t\t\n\t\t<figure class=\"wpb_wrapper vc_figure\">\n\t\t\t<a class=\"\" data-lightbox=\"lightbox[rel-216-3674714235]\" href=\"https:\/\/www.leb-chiropractic.de\/wp-content\/uploads\/2019\/03\/betrand_behandlung_012-1024x682.jpg\" target=\"_self\" class=\"vc_single_image-wrapper vc_box_rounded  vc_box_border_grey\"><img loading=\"lazy\" decoding=\"async\" width=\"1024\" height=\"682\" src=\"https:\/\/www.leb-chiropractic.de\/wp-content\/uploads\/2019\/03\/betrand_behandlung_012-1024x682.jpg\" class=\"vc_single_image-img attachment-large\" alt=\"\" title=\"betrand_behandlung_012\" srcset=\"https:\/\/www.leb-chiropractic.de\/wp-content\/uploads\/2019\/03\/betrand_behandlung_012-1024x682.jpg 1024w, https:\/\/www.leb-chiropractic.de\/wp-content\/uploads\/2019\/03\/betrand_behandlung_012-300x200.jpg 300w, https:\/\/www.leb-chiropractic.de\/wp-content\/uploads\/2019\/03\/betrand_behandlung_012-768x512.jpg 768w, https:\/\/www.leb-chiropractic.de\/wp-content\/uploads\/2019\/03\/betrand_behandlung_012-750x500.jpg 750w, https:\/\/www.leb-chiropractic.de\/wp-content\/uploads\/2019\/03\/betrand_behandlung_012-540x360.jpg 540w, https:\/\/www.leb-chiropractic.de\/wp-content\/uploads\/2019\/03\/betrand_behandlung_012-600x400.jpg 600w, https:\/\/www.leb-chiropractic.de\/wp-content\/uploads\/2019\/03\/betrand_behandlung_012.jpg 1361w\" sizes=\"auto, (max-width: 1024px) 100vw, 1024px\" \/><\/a>\n\t\t<\/figure>\n\t<\/div>\n<div class='dt-sc-small-separator '><\/div>\n\t<div  class=\"wpb_single_image wpb_content_element vc_align_left wpb_content_element wpb_animate_when_almost_visible wpb_fadeIn fadeIn\">\n\t\t\n\t\t<figure class=\"wpb_wrapper vc_figure\">\n\t\t\t<a class=\"\" data-lightbox=\"lightbox[rel-216-4132803057]\" href=\"https:\/\/www.leb-chiropractic.de\/wp-content\/uploads\/2019\/03\/berger_behandlung__012-1024x682.jpg\" target=\"_self\" class=\"vc_single_image-wrapper vc_box_rounded  vc_box_border_grey\"><img loading=\"lazy\" decoding=\"async\" width=\"1024\" height=\"682\" src=\"https:\/\/www.leb-chiropractic.de\/wp-content\/uploads\/2019\/03\/berger_behandlung__012-1024x682.jpg\" class=\"vc_single_image-img attachment-large\" alt=\"\" title=\"berger_behandlung__012\" srcset=\"https:\/\/www.leb-chiropractic.de\/wp-content\/uploads\/2019\/03\/berger_behandlung__012-1024x682.jpg 1024w, https:\/\/www.leb-chiropractic.de\/wp-content\/uploads\/2019\/03\/berger_behandlung__012-300x200.jpg 300w, https:\/\/www.leb-chiropractic.de\/wp-content\/uploads\/2019\/03\/berger_behandlung__012-768x512.jpg 768w, https:\/\/www.leb-chiropractic.de\/wp-content\/uploads\/2019\/03\/berger_behandlung__012-750x500.jpg 750w, https:\/\/www.leb-chiropractic.de\/wp-content\/uploads\/2019\/03\/berger_behandlung__012-540x360.jpg 540w, https:\/\/www.leb-chiropractic.de\/wp-content\/uploads\/2019\/03\/berger_behandlung__012-600x400.jpg 600w, https:\/\/www.leb-chiropractic.de\/wp-content\/uploads\/2019\/03\/berger_behandlung__012.jpg 1361w\" sizes=\"auto, (max-width: 1024px) 100vw, 1024px\" \/><\/a>\n\t\t<\/figure>\n\t<\/div>\n<\/div><\/div><\/div><div class=\"wpb_column vc_column_container vc_col-sm-8\"><div class=\"vc_column-inner\"><div class=\"wpb_wrapper\"><h2>Zweiter Termin<\/h2><div class='dt-sc-small-separator '><\/div><div class='dt-sc-icon-box type4 '><div class=\"icon-wrapper\"><span class='fa fa-info-circle'> <\/span><\/div><div class=\"icon-content\"><p><h4>Besprechung der Befunde<\/h4>\n<p>Ausf\u00fchrlich werden wir mit Ihnen Ihre Befunde besprechen, damit Sie verstehen woher das Problem kam, wie der Zustand im Moment ist, was f\u00fcr Resultate \/ Ergebnisse zu erwarten sind und was Sie selbst tun k\u00f6nnen. Falls Sie \u201ekein Fall\u201c f\u00fcr die Chiropraktik sind, werden wir Sie an den richtigen Spezialisten weiterverweisen.<\/p>\n<h4>Besprechung der Art der Behandlung<\/h4>\n<p>Jeder K\u00f6rper ist anders und reagiert unterschiedlich auf die Behandlungen. Deshalb verwenden wir in unserer Praxis mehrere Techniken und Systeme, um uns genau auf Ihren K\u00f6rper oder den Ihres Kindes einstellen zu k\u00f6nnen. Techniken, die wir verwenden sind, unter anderem, die Sacro-Occipital Technik (SOT) nach Major DeJarnette, Network Spinal Analysis und Teile von anderen Techniken, die uns sinnvoll erscheinen.<\/p>\n<h4>Besprechung des Adjustierungsplanes<\/h4>\n<p>Hier wird besprochen in welchem Zeitintervall und \u00fcber wie viele Wochen die Behandlungen anfangs stattfinden. Auch kl\u00e4ren wir Sie \u00fcber eine m\u00f6gliche Vorsorge auf, wenn diese nicht schon der Grund Ihres Termins war.<\/p>\n<h4>Zeit f\u00fcr Fragen<\/h4>\n<p>Falls Sie noch Fragen haben oder etwas unverst\u00e4ndlich war, geben wir Ihnen den Raum \/ die Zeit diese zu kl\u00e4ren.<\/p>\n<h4>Erste Behandlung<\/h4>\n<p>Wenn Sie sich dazu entschieden haben mit Ihren chiropraktischen Behandlungen anzufangen und es sinnvoll ist zu diesem Zeitpunkt zu starten, wird die erste Adjustierung durchgef\u00fchrt.<\/p><\/div><\/div><\/div><\/div><\/div><\/div>\n<\/div>","protected":false},"excerpt":{"rendered":"Wie l\u00e4uft eine Behandlung ab? TerminvereinbarungUnsere Chiropraktischen Assistentinnen freuen sich w\u00e4hrend unserer \u00d6ffnungszeiten auf Ihren Anruf unter 0611 \u201397 13 95 21 und werden direkt mit Ihnen f\u00fcr die Erstuntersuchung und die Ergebnisbesprechung Termine finden. Au\u00dferhalb der \u00d6ffnungszeiten k\u00f6nnen Sie gerne Ihren Namen, Ihre Telefonnummer und Ihre Erreichbarkeit auf dem Anrufbeantworter hinterlassen. Wir rufen Sie [...]","protected":false},"author":1,"featured_media":0,"parent":0,"menu_order":0,"comment_status":"closed","ping_status":"closed","template":"","meta":{"footnotes":""},"class_list":["post-216","page","type-page","status-publish","hentry"],"_links":{"self":[{"href":"https:\/\/www.leb-chiropractic.de\/en\/wp-json\/wp\/v2\/pages\/216","targetHints":{"allow":["GET"]}}],"collection":[{"href":"https:\/\/www.leb-chiropractic.de\/en\/wp-json\/wp\/v2\/pages"}],"about":[{"href":"https:\/\/www.leb-chiropractic.de\/en\/wp-json\/wp\/v2\/types\/page"}],"author":[{"embeddable":true,"href":"https:\/\/www.leb-chiropractic.de\/en\/wp-json\/wp\/v2\/users\/1"}],"replies":[{"embeddable":true,"href":"https:\/\/www.leb-chiropractic.de\/en\/wp-json\/wp\/v2\/comments?post=216"}],"version-history":[{"count":16,"href":"https:\/\/www.leb-chiropractic.de\/en\/wp-json\/wp\/v2\/pages\/216\/revisions"}],"predecessor-version":[{"id":14438,"href":"https:\/\/www.leb-chiropractic.de\/en\/wp-json\/wp\/v2\/pages\/216\/revisions\/14438"}],"wp:attachment":[{"href":"https:\/\/www.leb-chiropractic.de\/en\/wp-json\/wp\/v2\/media?parent=216"}],"curies":[{"name":"wp","href":"https:\/\/api.w.org\/{rel}","templated":true}]}}