{"id":13270,"date":"2019-05-16T13:07:24","date_gmt":"2019-05-16T11:07:24","guid":{"rendered":"http:\/\/www.project3.leb-chiropraktik.de\/?page_id=13270"},"modified":"2019-12-22T15:41:16","modified_gmt":"2019-12-22T14:41:16","slug":"lesenswertes","status":"publish","type":"page","link":"https:\/\/www.leb-chiropractic.de\/en\/lesenswertes\/","title":{"rendered":"Links (Mostly in German)"},"content":{"rendered":"<div class=\"wpb-content-wrapper\"><div class=\"vc_row wpb_row vc_row-fluid vc_row-o-content-middle vc_row-flex\" data-lang=\"English\"><div class=\"wpb_column vc_column_container vc_col-sm-12\"><div class=\"vc_column-inner\"><div class=\"wpb_wrapper\"><h2>Links (Mostly in German)<\/h2><div class=\"vc_separator wpb_content_element vc_separator_align_center vc_sep_width_100 vc_sep_border_width_5 vc_sep_pos_align_center vc_separator_no_text vc_sep_color_grey wpb_content_element  wpb_content_element\" ><span class=\"vc_sep_holder vc_sep_holder_l\"><span class=\"vc_sep_line\"><\/span><\/span><span class=\"vc_sep_holder vc_sep_holder_r\"><span class=\"vc_sep_line\"><\/span><\/span>\n<\/div><\/div><\/div><\/div><\/div><div class=\"vc_row wpb_row vc_row-fluid vc_row-o-content-middle vc_row-flex\" data-lang=\"English\"><div class=\"wpb_column vc_column_container vc_col-sm-12\"><div class=\"vc_column-inner\"><div class=\"wpb_wrapper\">\n\t<div class=\"wpb_text_column wpb_content_element\" >\n\t\t<div class=\"wpb_wrapper\">\n\t\t\t<h2>Institutes<\/h2>\n<table>\n<tbody>\n<tr>\n<td>Deutsche Chiropraktoren Gesellschaft (DCG)<\/td>\n<td><a href=\"https:\/\/www.chiropraktik.de\" target=\"_blank\" rel=\"noopener noreferrer\">https:\/\/www.chiropraktik.de\/<\/a><\/td>\n<\/tr>\n<tr>\n<td>WHO Leitlinien (PDF)<\/td>\n<td><a href=\"https:\/\/www.wfc.org\/website\/images\/wfc\/who_guidelines\/who_guidelines_english.pdf\" target=\"_blank\" rel=\"noopener noreferrer\">https:\/\/www.wfc.org\/<\/a><\/td>\n<\/tr>\n<tr>\n<td>WHO Guideline (PDF)<\/td>\n<td><a href=\"https:\/\/www.who.int\/medicines\/areas\/traditional\/Chiro-Guidelines.pdf\" target=\"_blank\" rel=\"noopener noreferrer\">https:\/\/www.who.int\/<\/a><\/td>\n<\/tr>\n<tr>\n<td>European Chiropractors\u2019 Union (ECU)<\/td>\n<td><a href=\"https:\/\/www.chiropractic-ecu.org\/\" target=\"_blank\" rel=\"noopener noreferrer\">https:\/\/www.chiropractic-ecu.org\/<\/a><\/td>\n<\/tr>\n<tr>\n<td>Welsh Institute of Chiropractic<\/td>\n<td><a href=\"https:\/\/www.southwales.ac.uk\/welsh-institute-chiropractic\/\" target=\"_blank\" rel=\"noopener noreferrer\">https:\/\/www.southwales.ac.uk\/welsh-institute-chiropractic\/<\/a><\/td>\n<\/tr>\n<tr>\n<td>Universit\u00e9 du Qu\u00e9bec \u00e0 Trois-Rivi\u00e9res<\/td>\n<td><a href=\"https:\/\/www.uqtr.ca\/\" target=\"_blank\" rel=\"noopener noreferrer\">https:\/\/www.uqtr.ca\/<\/a><\/td>\n<\/tr>\n<\/tbody>\n<\/table>\n\n\t\t<\/div>\n\t<\/div>\n<\/div><\/div><\/div><\/div><div class=\"vc_row wpb_row vc_row-fluid vc_row-o-content-middle vc_row-flex\" data-lang=\"English\"><div class=\"wpb_column vc_column_container vc_col-sm-12\"><div class=\"vc_column-inner\"><div class=\"wpb_wrapper\"><div class=\"vc_row wpb_row vc_inner vc_row-fluid\"><div class=\"wpb_column vc_column_container vc_col-sm-12\"><div class=\"vc_column-inner\"><div class=\"wpb_wrapper\">\n\t<div class=\"wpb_text_column wpb_content_element\" >\n\t\t<div class=\"wpb_wrapper\">\n\t\t\t<h2>Research<\/h2>\n<table>\n<tbody>\n<tr>\n<td>Dr. Heidi Haavik<\/td>\n<td><a href=\"https:\/\/www.heidihaavik.com\/\" target=\"_blank\" rel=\"noopener noreferrer\">https:\/\/www.heidihaavik.com\/<\/a><\/td>\n<\/tr>\n<tr>\n<td>Cassidy &#8211; keine Schlaganf\u00e4lle durch Chiropraktik<\/td>\n<td><a href=\"https:\/\/journals.lww.com\/spinejournal\/fulltext\/2008\/02151\/Risk_of_Vertebrobasilar_Stroke_and_Chiropractic.19.aspx#print-article-link\" target=\"_blank\" rel=\"noopener noreferrer\">https:\/\/journals.lww.com\/<\/a><\/td>\n<\/tr>\n<tr>\n<td>Journal of Manipulative and Physical Therapy (JMPT)<\/td>\n<td><a href=\"https:\/\/www.jmptonline.org\/\" target=\"_blank\" rel=\"noopener noreferrer\">https:\/\/www.jmptonline.org\/<\/a><\/td>\n<\/tr>\n<tr>\n<td>The Journal of Chiropractic Education<\/td>\n<td><a href=\"https:\/\/www.journalchiroed.com\/\" target=\"_blank\" rel=\"noopener noreferrer\">https:\/\/www.journalchiroed.com\/<\/a><\/td>\n<\/tr>\n<tr>\n<td>Journal of Chiropractic Medicine<\/td>\n<td><a href=\"https:\/\/www.journals.elsevier.com\/journal-of-chiropractic-medicine\/\" target=\"_blank\" rel=\"noopener noreferrer\">https:\/\/www.journals.elsevier.com\/journal-of-chiropractic-medicine\/<\/a><\/td>\n<\/tr>\n<tr>\n<td>Chiropractic Research Council <\/td>\n<td><a href=\"http:\/\/www.crc-uk.org\/\" target=\"_blank\" rel=\"noopener noreferrer\">http:\/\/www.crc-uk.org\/<\/a><\/td>\n<\/tr>\n<tr>\n<td>Chiropractic Academy of Research Leadership (CARL)<\/td>\n<td><a href=\"https:\/\/www.carlresearchfellows.org\/\" target=\"_blank\" rel=\"noopener noreferrer\">https:\/\/www.carlresearchfellows.org\/<\/a><\/td>\n<\/tr>\n<tr>\n<td>Journal of the Canadian Chiropractic Association (Case studies)<\/td>\n<td><a href=\"https:\/\/www.chiropractic.ca\/jcca-online\/\" target=\"_blank\" rel=\"noopener noreferrer\">https:\/\/www.chiropractic.ca\/jcca-online\/<\/a><\/td>\n<\/tr>\n<\/tbody>\n<\/table>\n\n\t\t<\/div>\n\t<\/div>\n<\/div><\/div><\/div><\/div><\/div><\/div><\/div><\/div><div class=\"vc_row wpb_row vc_row-fluid vc_row-o-content-middle vc_row-flex\" data-lang=\"English\"><div class=\"wpb_column vc_column_container vc_col-sm-12\"><div class=\"vc_column-inner\"><div class=\"wpb_wrapper\"><div class=\"vc_row wpb_row vc_inner vc_row-fluid\"><div class=\"wpb_column vc_column_container vc_col-sm-12\"><div class=\"vc_column-inner\"><div class=\"wpb_wrapper\">\n\t<div class=\"wpb_text_column wpb_content_element\" >\n\t\t<div class=\"wpb_wrapper\">\n\t\t\t<h2>YouTube<\/h2>\n<table>\n<tbody>\n<tr>\n<td>Dr MichaelVan &#8211; The Science Behind The Chiropractic Adjustment<\/td>\n<td><a href=\"https:\/\/www.youtube.com\/watch?v=mU3CBBITY00\" target=\"_blank\" rel=\"noopener noreferrer\">https:\/\/www.youtube.com\/watch?v=mU3CBBITY00<\/a><\/td>\n<\/tr>\n<tr>\n<td>Heidi Haavik \u2013 Life University<\/td>\n<td><a href=\"https:\/\/www.youtube.com\/watch?v=n6pJ0B6AltA\" target=\"_blank\" rel=\"noopener noreferrer\">https:\/\/www.youtube.com\/watch?v=n6pJ0B6AltA<\/a><\/td>\n<\/tr>\n<tr>\n<td>Heidi Haavik &#8211; Chiropractic Research: Prefrontal Cortex <\/td>\n<td><a href=\"https:\/\/www.youtube.com\/watch?v=9c09gXL0pSM\" target=\"_blank\" rel=\"noopener noreferrer\">https:\/\/www.youtube.com\/watch?v=9c09gXL0pSM<\/a><\/td>\n<\/tr>\n<tr>\n<td>Heidi Haavik Research &#8211; Chiropractic and Posture<\/td>\n<td><a href=\"https:\/\/www.youtube.com\/watch?v=DP7X6v9pf4o\" target=\"_blank\" rel=\"noopener noreferrer\">https:\/\/www.youtube.com\/watch?v=DP7X6v9pf4o<\/a><\/td>\n<\/tr>\n<tr>\n<td>Leb! Chiropractic auf YouTube<\/td>\n<td><a href=\"https:\/\/www.youtube.com\/watch?v=1FFtu1HJ3YY\" target=\"_blank\" rel=\"noopener noreferrer\">https:\/\/www.youtube.com\/watch?v=1FFtu1HJ3YY<\/a><\/td>\n<\/tr>\n<\/tbody>\n<\/table>\n\n\t\t<\/div>\n\t<\/div>\n<\/div><\/div><\/div><\/div><\/div><\/div><\/div><\/div><div class=\"vc_row wpb_row vc_row-fluid vc_row-o-content-middle vc_row-flex\" data-lang=\"English\"><div class=\"wpb_column vc_column_container vc_col-sm-12\"><div class=\"vc_column-inner\"><div class=\"wpb_wrapper\"><div class=\"vc_row wpb_row vc_inner vc_row-fluid\"><div class=\"wpb_column vc_column_container vc_col-sm-12\"><div class=\"vc_column-inner\"><div class=\"wpb_wrapper\">\n\t<div class=\"wpb_text_column wpb_content_element\" >\n\t\t<div class=\"wpb_wrapper\">\n\t\t\t<h2>Further media sources<\/h2>\n<table>\n<tbody>\n<tr>\n<td>Leb! Chiropractic bei VivArt<\/td>\n<td><a href=\"https:\/\/www.vivart.de\/gutes-artikel\/von-subluxationen-und-adjustierungen\" target=\"_blank\" rel=\"noopener noreferrer\">https:\/\/www.vivart.de\/gutes-artikel\/von-subluxationen-und-adjustierungen<\/a><\/td>\n<\/tr>\n<tr>\n<td>Presseartikel 08.03.2018 Fit und Gesund <\/td>\n<td><a href=\"https:\/\/chiropraktik.de\/presse\/presseartikel-08-03-2018-fit-und-gesund\/\" target=\"_blank\" rel=\"noopener noreferrer\">https:\/\/chiropraktik.de\/presse\/presseartikel-08-03-2018-fit-und-gesund\/<\/a><\/td>\n<\/tr>\n<tr>\n<td>Interview mit Alexander Steinbrenner <\/td>\n<td><a href=\"https:\/\/chiropraktik.de\/wp-content\/uploads\/2018\/08\/Artikel-R\u00fcckrad-SG1806_V04_Steinbrenner-2.pdf\" target=\"_blank\" rel=\"noopener noreferrer\">https:\/\/chiropraktik.de\/wp-content\/uploads\/2018\/08\/Artikel-R\u00fcckrad-SG1806_V04_Steinbrenner-2.pdf<\/a><\/td>\n<\/tr>\n<tr>\n<td>Hand drauf! Die Kr\u00e4fte der Chiropraktik und Osteopathie<\/td>\n<td><a href=\"https:\/\/chiropraktik.de\/chiro_osteo_tk_schlingel_0414\/\" target=\"_blank\" rel=\"noopener noreferrer\">https:\/\/chiropraktik.de\/chiro_osteo_tk_schlingel_0414\/<\/a><\/td>\n<\/tr>\n<tr>\n<td>Rapper Marteria im Interview \u00fcber die Arbeit von Chiropraktoren <\/td>\n<td><a href=\"https:\/\/www.haz.de\/Hannover\/ZiSH\/Uebersicht\/Interview-mit-Rapper-Marteria-vor-seinem-Konzert-in-Hannover\" target=\"_blank\" rel=\"noopener noreferrer\">https:\/\/www.haz.de\/Hannover\/ZiSH\/Uebersicht\/Interview-mit-Rapper-Marteria-vor-seinem-Konzert-in-Hannover<\/a><\/td>\n<\/tr>\n<tr>\n<td>Flow Wolf &#8211; Gezielte Impulse f\u00fcr mehr Beweglichkeit <\/td>\n<td><a href=\"https:\/\/flow-wolf.de\/blog\/gezielte-impulse-fuer-mehr-beweglichkeit\/\" target=\"_blank\" rel=\"noopener noreferrer\">https:\/\/flow-wolf.de\/blog\/gezielte-impulse-fuer-mehr-beweglichkeit\/<\/a><\/td>\n<\/tr>\n<tr>\n<td>\u00dcbersieht man in Deutschland eine wertvolle Behandlungsmethode? (Seite 38)<\/td>\n<td><a href=\"https:\/\/www.agr-ev.de\/medien\/agr_aktuell_ausgabe2\/AGR_Aktuell_2_2014.pdf\" target=\"_blank\" rel=\"noopener noreferrer\">https:\/\/www.agr-ev.de\/medien\/agr_aktuell_ausgabe2\/AGR_Aktuell_2_2014.pdf<\/a><\/td>\n<\/tr>\n<tr>\n<td>BKK24 erstattet als erste gesetzliche KK Geb\u00fchren <\/td>\n<td><a href=\"https:\/\/www.bkk24.de\/leistungen-beitraege\/leistungen-a-z\/chiropraktik.html\" target=\"_blank\" rel=\"noopener noreferrer\">https:\/\/www.bkk24.de\/leistungen-beitraege\/leistungen-a-z\/chiropraktik.html<\/a><\/td>\n<\/tr>\n<\/tbody>\n<\/table>\n\n\t\t<\/div>\n\t<\/div>\n<\/div><\/div><\/div><\/div><\/div><\/div><\/div><\/div><div class=\"vc_row wpb_row vc_row-fluid\" data-lang=\"English\"><div class=\"wpb_column vc_column_container vc_col-sm-12\"><div class=\"vc_column-inner\"><div class=\"wpb_wrapper\">\n\t<div class=\"wpb_text_column wpb_content_element\" >\n\t\t<div class=\"wpb_wrapper\">\n\t\t\t<p><!-- this is a custom textbox at the end of the page --><\/p>\n<style>\ntd:first-child { width: 40%; }<br \/><\/style>\n\n\t\t<\/div>\n\t<\/div>\n<\/div><\/div><\/div><\/div>\n<\/div>","protected":false},"excerpt":{"rendered":"Lesenswertes \/ Links Institutionen Deutsche Chiropraktoren Gesellschaft (DCG) https:\/\/www.chiropraktik.de\/ WHO Leitlinien (PDF) https:\/\/www.wfc.org\/ WHO Guideline (PDF) https:\/\/www.who.int\/ European Chiropractors\u2019 Union (ECU) https:\/\/www.chiropractic-ecu.org\/ Welsh Institute of Chiropractic https:\/\/www.southwales.ac.uk\/welsh-institute-chiropractic\/ Universit\u00e9 du Qu\u00e9bec \u00e0 Trois-Rivi\u00e9res https:\/\/www.uqtr.ca\/ Forschung Dr. Heidi Haavik https:\/\/www.heidihaavik.com\/ Cassidy - keine Schlaganf\u00e4lle durch Chiropraktik https:\/\/journals.lww.com\/ Journal of Manipulative and Physical Therapy (JMPT) https:\/\/www.jmptonline.org\/ The Journal [...]","protected":false},"author":1,"featured_media":0,"parent":0,"menu_order":0,"comment_status":"closed","ping_status":"closed","template":"","meta":{"footnotes":""},"class_list":["post-13270","page","type-page","status-publish","hentry"],"_links":{"self":[{"href":"https:\/\/www.leb-chiropractic.de\/en\/wp-json\/wp\/v2\/pages\/13270","targetHints":{"allow":["GET"]}}],"collection":[{"href":"https:\/\/www.leb-chiropractic.de\/en\/wp-json\/wp\/v2\/pages"}],"about":[{"href":"https:\/\/www.leb-chiropractic.de\/en\/wp-json\/wp\/v2\/types\/page"}],"author":[{"embeddable":true,"href":"https:\/\/www.leb-chiropractic.de\/en\/wp-json\/wp\/v2\/users\/1"}],"replies":[{"embeddable":true,"href":"https:\/\/www.leb-chiropractic.de\/en\/wp-json\/wp\/v2\/comments?post=13270"}],"version-history":[{"count":5,"href":"https:\/\/www.leb-chiropractic.de\/en\/wp-json\/wp\/v2\/pages\/13270\/revisions"}],"predecessor-version":[{"id":13462,"href":"https:\/\/www.leb-chiropractic.de\/en\/wp-json\/wp\/v2\/pages\/13270\/revisions\/13462"}],"wp:attachment":[{"href":"https:\/\/www.leb-chiropractic.de\/en\/wp-json\/wp\/v2\/media?parent=13270"}],"curies":[{"name":"wp","href":"https:\/\/api.w.org\/{rel}","templated":true}]}}