{"id":13252,"date":"2019-05-10T15:18:58","date_gmt":"2019-05-10T13:18:58","guid":{"rendered":"http:\/\/www.project3.leb-chiropraktik.de\/?page_id=13252"},"modified":"2026-03-01T14:35:52","modified_gmt":"2026-03-01T13:35:52","slug":"kontakt","status":"publish","type":"page","link":"https:\/\/www.leb-chiropractic.de\/en\/kontakt\/","title":{"rendered":"Contact"},"content":{"rendered":"<div class=\"wpb-content-wrapper\"><div class=\"vc_row wpb_row vc_row-fluid vc_row-o-content-middle vc_row-flex\" data-lang=\"English\"><div class=\"wpb_column vc_column_container vc_col-sm-6\"><div class=\"vc_column-inner\"><div class=\"wpb_wrapper\"><div class='dt-sc-icon-box type4'><div class=\"icon-wrapper\"><span class='fa fa-phone'> <\/span><\/div><div class=\"icon-content\"><p><h3><a href=\"tel:+4961197139521\">+49 (0) 611 97 13 95 21<\/a><\/h3><\/p><\/div><\/div><\/div><\/div><\/div><div class=\"wpb_column vc_column_container vc_col-sm-6\"><div class=\"vc_column-inner\"><div class=\"wpb_wrapper\"><div class='dt-sc-icon-box type4'><div class=\"icon-wrapper\"><span class='fa fa-envelope'> <\/span><\/div><div class=\"icon-content\"><p><h3><a href=\"mailto:info@leb-chiropractic.de\">info@leb-chiropractic.de<\/a><\/h3><\/p><\/div><\/div><\/div><\/div><\/div><div class=\"wpb_column vc_column_container vc_col-sm-12\"><div class=\"vc_column-inner\"><div class=\"wpb_wrapper\"><div class=\"vc_separator wpb_content_element vc_separator_align_center vc_sep_width_100 vc_sep_border_width_5 vc_sep_pos_align_center vc_separator_no_text vc_sep_color_grey wpb_content_element  wpb_content_element\" ><span class=\"vc_sep_holder vc_sep_holder_l\"><span class=\"vc_sep_line\"><\/span><\/span><span class=\"vc_sep_holder vc_sep_holder_r\"><span class=\"vc_sep_line\"><\/span><\/span>\n<\/div><\/div><\/div><\/div><\/div><div class=\"vc_row wpb_row vc_row-fluid vc_row-o-content-middle vc_row-flex\" data-lang=\"English\"><div class=\"wpb_column vc_column_container vc_col-sm-12\"><div class=\"vc_column-inner\"><div class=\"wpb_wrapper\">\n\t<div  class=\"wpb_single_image wpb_content_element vc_align_center wpb_content_element\">\n\t\t\n\t\t<figure class=\"wpb_wrapper vc_figure\">\n\t\t\t<div class=\"vc_single_image-wrapper vc_box_rounded  vc_box_border_grey\"><img loading=\"lazy\" decoding=\"async\" width=\"1024\" height=\"682\" src=\"https:\/\/www.leb-chiropractic.de\/wp-content\/uploads\/2018\/08\/berger_geb\u00e4ude_001_web-1024x682.jpg\" class=\"vc_single_image-img attachment-large\" alt=\"\" title=\"berger_geb\u00e4ude_001_web\" srcset=\"https:\/\/www.leb-chiropractic.de\/wp-content\/uploads\/2018\/08\/berger_geb\u00e4ude_001_web-1024x682.jpg 1024w, https:\/\/www.leb-chiropractic.de\/wp-content\/uploads\/2018\/08\/berger_geb\u00e4ude_001_web-300x200.jpg 300w, https:\/\/www.leb-chiropractic.de\/wp-content\/uploads\/2018\/08\/berger_geb\u00e4ude_001_web-768x511.jpg 768w, https:\/\/www.leb-chiropractic.de\/wp-content\/uploads\/2018\/08\/berger_geb\u00e4ude_001_web-750x499.jpg 750w, https:\/\/www.leb-chiropractic.de\/wp-content\/uploads\/2018\/08\/berger_geb\u00e4ude_001_web-540x359.jpg 540w, https:\/\/www.leb-chiropractic.de\/wp-content\/uploads\/2018\/08\/berger_geb\u00e4ude_001_web-600x400.jpg 600w, https:\/\/www.leb-chiropractic.de\/wp-content\/uploads\/2018\/08\/berger_geb\u00e4ude_001_web.jpg 1361w\" sizes=\"auto, (max-width: 1024px) 100vw, 1024px\" \/><\/div>\n\t\t<\/figure>\n\t<\/div>\n<\/div><\/div><\/div><\/div><div class=\"vc_row wpb_row vc_row-fluid vc_row-o-content-middle vc_row-flex\" data-lang=\"English\"><div class=\"wpb_column vc_column_container vc_col-sm-12\"><div class=\"vc_column-inner\"><div class=\"wpb_wrapper\">\n\t<div class=\"wpb_text_column wpb_content_element\" >\n\t\t<div class=\"wpb_wrapper\">\n\t\t\t<h4>Our chiropractic practice is located in the Wiesbaden district of Biebrich.<\/h4>\n<p>20 minutes on foot from Wiesbaden main station you will find us in the <strong>Biebricher Allee 94<\/strong>. The rooms are located on the first floor above the Sparkasse and can be reached via a separate staircase on the left. There is ample parking around the building. A bicycle stand is also available.<\/p>\n\n\t\t<\/div>\n\t<\/div>\n<div class=\"vc_separator wpb_content_element vc_separator_align_center vc_sep_width_100 vc_sep_border_width_5 vc_sep_pos_align_center vc_separator_no_text vc_sep_color_grey wpb_content_element  wpb_content_element\" ><span class=\"vc_sep_holder vc_sep_holder_l\"><span class=\"vc_sep_line\"><\/span><\/span><span class=\"vc_sep_holder vc_sep_holder_r\"><span class=\"vc_sep_line\"><\/span><\/span>\n<\/div><\/div><\/div><\/div><div class=\"wpb_column vc_column_container vc_col-sm-5\"><div class=\"vc_column-inner\"><div class=\"wpb_wrapper\"><div class=\"wpb_gmaps_widget wpb_content_element\"><div class=\"wpb_wrapper\"><div class=\"wpb_map_wraper\"><iframe loading=\"lazy\" src=\"https:\/\/www.google.com\/maps\/embed?pb=!1m18!1m12!1m3!1d2561.4349013241444!2d8.240932951652104!3d50.059416423242546!2m3!1f0!2f0!3f0!3m2!1i1024!2i768!4f13.1!3m3!1m2!1s0x47bdbdf9dfc4dbc5%3A0x8a66c6a866b5e552!2sLeb+Chiropractic!5e0!3m2!1sde!2sde!4v1557494944847!5m2!1sde!2sde\" width=\"600\" height=\"450\" frameborder=\"0\" style=\"border:0\" allowfullscreen><\/iframe><\/div><\/div><\/div><\/div><\/div><\/div><div class=\"wpb_column vc_column_container vc_col-sm-7\"><div class=\"vc_column-inner\"><div class=\"wpb_wrapper\">\n\t<div class=\"wpb_text_column wpb_content_element\" >\n\t\t<div class=\"wpb_wrapper\">\n\t\t\t<p><strong><em>By bus<\/em><\/strong><\/p>\n<p>Lines 4 and 14 stop at the bus stop \"Biebrich Gottfried-Kinkel-Stra\u00dfe\" not far from the practice. Line 47 stops a short walk away at \"Theodor-Heuss-Ring\".<\/p>\n<p><strong><em>By train<\/em><\/strong><\/p>\n<p>Take the station exit to Kaiser-Friedrich-Ring. Turn left and turn left into Biebricher Allee. Follow this on the left side until you reach Rh\u00f6nstra\u00dfe. The walk takes about 20 minutes.<\/p>\n<p><strong><em>By car from Wiesbaden city centre<\/em><\/strong><\/p>\n<p>From Kaiser-Friedrich-Ring turn right onto Biebricher Allee<br \/>\nFrom Gustav-Stresemann-Ring turn left into Biebricher Allee.<\/p>\n<p>Folgen Sie der Biebricher Allee \u00fcber den Konrad-Adenauer-Ring. Links passieren Sie die Praxis. Fahren Sie weiter bis zum Nahkauf auf der linken Seite, \u00fcberqueren Sie die Biebricher Allee und fahren Sie entlang der Einbahnstra\u00dfe zur\u00fcck zur Praxis.<\/p>\n<p><em>or<\/em><\/p>\n<p>Turn left onto Konrad-Adenauer-Ring. Take the next right into Josef-Brix-Stra\u00dfe. Take the second right into Rh\u00f6nstra\u00dfe. The practice is at the end of the street.<\/p>\n\n\t\t<\/div>\n\t<\/div>\n<\/div><\/div><\/div><div class=\"wpb_column vc_column_container vc_col-sm-12\"><div class=\"vc_column-inner\"><div class=\"wpb_wrapper\">\n\t<div class=\"wpb_text_column wpb_content_element\" >\n\t\t<div class=\"wpb_wrapper\">\n\t\t\t<h2 style=\"text-align: center;\"><a href=\"http:\/\/www.chiro-cloud.de\/leb-chiropractic\"><span style=\"color: #339966;\"><strong>Online Portal<\/strong><\/span> <\/a>zur Terminbuchung f\u00fcr Bestandskunden<\/h2>\n\n\t\t<\/div>\n\t<\/div>\n<\/div><\/div><\/div><div class=\"wpb_column vc_column_container vc_col-sm-12\"><div class=\"vc_column-inner\"><div class=\"wpb_wrapper\">\n\t<div class=\"wpb_text_column wpb_content_element\" >\n\t\t<div class=\"wpb_wrapper\">\n\t\t\t<h3>Business hours<\/h3>\n<table>\n<tbody>\n<tr>\n<th>Monday<\/th>\n<td>08:00 - 13:00<\/td>\n<td>13:00 bis 14:00 Uhr Hour of Power<\/td>\n<\/tr>\n<tr>\n<th>Tuesday<\/th>\n<td>Closed in the morning<\/td>\n<td>13:30 bis 18:30 Uhr<\/td>\n<\/tr>\n<tr>\n<th>Wednesday<\/th>\n<td>08:00 - 13:00<\/td>\n<td>Closed in the afternoon<\/td>\n<\/tr>\n<tr>\n<th>Thursday<\/th>\n<td>Closed in the morning<\/td>\n<td>15:00 - 20:00<\/td>\n<\/tr>\n<tr>\n<th>Friday<\/th>\n<td>08:00 - 13:00<\/td>\n<td>Closed in the afternoon<\/td>\n<\/tr>\n<\/tbody>\n<\/table>\n\n\t\t<\/div>\n\t<\/div>\n<div class=\"vc_separator wpb_content_element vc_separator_align_center vc_sep_width_100 vc_sep_border_width_5 vc_sep_pos_align_center vc_separator_no_text vc_sep_color_grey wpb_content_element  wpb_content_element\" ><span class=\"vc_sep_holder vc_sep_holder_l\"><span class=\"vc_sep_line\"><\/span><\/span><span class=\"vc_sep_holder vc_sep_holder_r\"><span class=\"vc_sep_line\"><\/span><\/span>\n<\/div><\/div><\/div><\/div><\/div>\n<\/div>","protected":false},"excerpt":{"rendered":"+49 (0) 611 97 13 95 21 info@leb-chiropractic.de Unsere Praxis f\u00fcr Chiropraktik befindet sich im Wiesbadener Stadtteil Biebrich. 20 Gehminuten vom Wiesbadener Hauptbahnhof entfernt finden Sie uns in der Biebricher Allee 94. Die R\u00e4umlichkeiten sind im ersten Stock \u00fcber der Sparkasse gelegen und \u00fcber einen separaten Aufgang auf der linken Seite zu erreichen. Ausreichende Parkm\u00f6glichkeiten [...]","protected":false},"author":1,"featured_media":0,"parent":0,"menu_order":0,"comment_status":"closed","ping_status":"closed","template":"","meta":{"footnotes":""},"class_list":["post-13252","page","type-page","status-publish","hentry"],"_links":{"self":[{"href":"https:\/\/www.leb-chiropractic.de\/en\/wp-json\/wp\/v2\/pages\/13252","targetHints":{"allow":["GET"]}}],"collection":[{"href":"https:\/\/www.leb-chiropractic.de\/en\/wp-json\/wp\/v2\/pages"}],"about":[{"href":"https:\/\/www.leb-chiropractic.de\/en\/wp-json\/wp\/v2\/types\/page"}],"author":[{"embeddable":true,"href":"https:\/\/www.leb-chiropractic.de\/en\/wp-json\/wp\/v2\/users\/1"}],"replies":[{"embeddable":true,"href":"https:\/\/www.leb-chiropractic.de\/en\/wp-json\/wp\/v2\/comments?post=13252"}],"version-history":[{"count":19,"href":"https:\/\/www.leb-chiropractic.de\/en\/wp-json\/wp\/v2\/pages\/13252\/revisions"}],"predecessor-version":[{"id":17597,"href":"https:\/\/www.leb-chiropractic.de\/en\/wp-json\/wp\/v2\/pages\/13252\/revisions\/17597"}],"wp:attachment":[{"href":"https:\/\/www.leb-chiropractic.de\/en\/wp-json\/wp\/v2\/media?parent=13252"}],"curies":[{"name":"wp","href":"https:\/\/api.w.org\/{rel}","templated":true}]}}