{"id":13239,"date":"2019-05-10T14:47:08","date_gmt":"2019-05-10T12:47:08","guid":{"rendered":"http:\/\/www.project3.leb-chiropraktik.de\/?page_id=13239"},"modified":"2026-01-08T14:01:25","modified_gmt":"2026-01-08T13:01:25","slug":"partner","status":"publish","type":"page","link":"https:\/\/www.leb-chiropractic.de\/en\/team\/partner\/","title":{"rendered":"Partner"},"content":{"rendered":"<div class=\"wpb-content-wrapper\"><div class=\"vc_row wpb_row vc_row-fluid vc_row-o-content-middle vc_row-flex\" data-lang=\"English\"><div class=\"wpb_column vc_column_container vc_col-sm-12\"><div class=\"vc_column-inner\"><div class=\"wpb_wrapper\"><h3>Through various cooperation partners, our practice offers an extended range of services in the field of health.<\/h3><div class='dt-sc-small-separator'><\/div><\/div><\/div><\/div><\/div><div class=\"vc_row wpb_row vc_row-fluid\" data-lang=\"English\"><div class=\"wpb_column vc_column_container vc_col-sm-3\"><div class=\"vc_column-inner\"><div class=\"wpb_wrapper\">\n\t<div  class=\"wpb_single_image wpb_content_element vc_align_left wpb_content_element\">\n\t\t<h2 class=\"wpb_heading wpb_singleimage_heading\">Ingrid Tonn-Euringer<\/h2>\n\t\t<figure class=\"wpb_wrapper vc_figure\">\n\t\t\t<div class=\"vc_single_image-wrapper vc_box_border  vc_box_border_grey\"><img loading=\"lazy\" decoding=\"async\" width=\"226\" height=\"300\" src=\"https:\/\/www.leb-chiropractic.de\/wp-content\/uploads\/2019\/03\/ingridtonneuringer-226x300.png\" class=\"vc_single_image-img attachment-medium\" alt=\"\" title=\"ingridtonneuringer\" srcset=\"https:\/\/www.leb-chiropractic.de\/wp-content\/uploads\/2019\/03\/ingridtonneuringer-226x300.png 226w, https:\/\/www.leb-chiropractic.de\/wp-content\/uploads\/2019\/03\/ingridtonneuringer.png 247w\" sizes=\"auto, (max-width: 226px) 100vw, 226px\" \/><\/div>\n\t\t<\/figure>\n\t<\/div>\n<\/div><\/div><\/div><div class=\"wpb_column vc_column_container vc_col-sm-7\"><div class=\"vc_column-inner\"><div class=\"wpb_wrapper\"><div class=\"vc_empty_space\"   style=\"height: 32px\"><span class=\"vc_empty_space_inner\"><\/span><\/div><div class=\"vc_separator wpb_content_element vc_separator_align_center vc_sep_width_100 vc_sep_pos_align_center vc_separator_no_text vc_sep_color_black wpb_content_element  wpb_content_element\" ><span class=\"vc_sep_holder vc_sep_holder_l\"><span class=\"vc_sep_line\"><\/span><\/span><span class=\"vc_sep_holder vc_sep_holder_r\"><span class=\"vc_sep_line\"><\/span><\/span>\n<\/div>\n\t<div class=\"wpb_text_column wpb_content_element\" >\n\t\t<div class=\"wpb_wrapper\">\n\t\t\t<p>Ingrid Tonn-Euringer helps you empathetically and qualified to recognize the hidden triggers and dynamics of your topics, to find suitable solutions, to develop your personal strength and potential and to experience relief quickly and sustainably. For your happy and satisfied life in balance. Personal, familiar, at work.<\/p>\n\n\t\t<\/div>\n\t<\/div>\n\n\t<div class=\"wpb_text_column wpb_content_element\" >\n\t\t<div class=\"wpb_wrapper\">\n\t\t\t<p><strong>Contact<\/strong><\/p>\n<p>Website: <a href=\"https:\/\/www.lotsingpower.de\/pages\/ingrid-tonn-euringer.php\">https:\/\/www.lotsingpower.de\/<\/a><\/p>\n<p>E-Mail: ite@lotsingpower.de<\/p>\n<p>Phone: 0123912838912<\/p>\n\n\t\t<\/div>\n\t<\/div>\n<div class=\"vc_separator wpb_content_element vc_separator_align_center vc_sep_width_100 vc_sep_pos_align_center vc_separator_no_text vc_sep_color_black wpb_content_element  wpb_content_element\" ><span class=\"vc_sep_holder vc_sep_holder_l\"><span class=\"vc_sep_line\"><\/span><\/span><span class=\"vc_sep_holder vc_sep_holder_r\"><span class=\"vc_sep_line\"><\/span><\/span>\n<\/div><\/div><\/div><\/div><\/div><div class=\"vc_row wpb_row vc_row-fluid vc_row-o-content-middle vc_row-flex\" data-lang=\"English\"><div class=\"wpb_column vc_column_container vc_col-sm-12\"><div class=\"vc_column-inner\"><div class=\"wpb_wrapper\"><div class='dt-sc-small-separator'><\/div><\/div><\/div><\/div><\/div><div class=\"vc_row wpb_row vc_row-fluid\" data-lang=\"English\"><div class=\"wpb_column vc_column_container vc_col-sm-3\"><div class=\"vc_column-inner\"><div class=\"wpb_wrapper\">\n\t<div  class=\"wpb_single_image wpb_content_element vc_align_left wpb_content_element\">\n\t\t<h2 class=\"wpb_heading wpb_singleimage_heading\">Johannes Kilian<\/h2>\n\t\t<figure class=\"wpb_wrapper vc_figure\">\n\t\t\t<div class=\"vc_single_image-wrapper vc_box_border  vc_box_border_grey\"><img loading=\"lazy\" decoding=\"async\" width=\"226\" height=\"300\" src=\"https:\/\/www.leb-chiropractic.de\/wp-content\/uploads\/2019\/03\/johanneskilian-226x300.png\" class=\"vc_single_image-img attachment-medium\" alt=\"\" title=\"johanneskilian\" srcset=\"https:\/\/www.leb-chiropractic.de\/wp-content\/uploads\/2019\/03\/johanneskilian-226x300.png 226w, https:\/\/www.leb-chiropractic.de\/wp-content\/uploads\/2019\/03\/johanneskilian.png 247w\" sizes=\"auto, (max-width: 226px) 100vw, 226px\" \/><\/div>\n\t\t<\/figure>\n\t<\/div>\n<\/div><\/div><\/div><div class=\"wpb_column vc_column_container vc_col-sm-7\"><div class=\"vc_column-inner\"><div class=\"wpb_wrapper\"><div class=\"vc_empty_space\"   style=\"height: 32px\"><span class=\"vc_empty_space_inner\"><\/span><\/div><div class=\"vc_separator wpb_content_element vc_separator_align_center vc_sep_width_100 vc_sep_pos_align_center vc_separator_no_text vc_sep_color_black wpb_content_element  wpb_content_element\" ><span class=\"vc_sep_holder vc_sep_holder_l\"><span class=\"vc_sep_line\"><\/span><\/span><span class=\"vc_sep_holder vc_sep_holder_r\"><span class=\"vc_sep_line\"><\/span><\/span>\n<\/div>\n\t<div class=\"wpb_text_column wpb_content_element\" >\n\t\t<div class=\"wpb_wrapper\">\n\t\t\t<p>Sie arbeiten gemeinsam mit Leb Chiropractic und sp\u00fcren am eigenen K\u00f6rper das positive Ergebnis? Dann unterst\u00fctze ich Sie gerne dabei, dieses zu stabilisieren und auszubauen. Wenn Sie m\u00f6chten in enger Absprache mit Frau Berger.\u00a0In Kombination mit einer genauen Bewegungsanalyse, trainieren wir gemeinsam, auf Sie zugeschnitten, damit Sie Ihr \u201eWohlf\u00fchlziel\u201c erreichen. Dies kann sein die St\u00e4rkung Ihrer Widerstandsf\u00e4higkeit, z.B. durch den Aufbau der R\u00fcckenstabilit\u00e4t, die allgemeine Verbesserung von Kraft und Ausdauer, das Aufl\u00f6sen schmerzhafter Fehlhaltungen \u2026 oder was ist Ihr pers\u00f6nliches Ziel?<br \/>\nThrough direct one-to-one training, the \"inner piggy\" has no chance and your adjustments can last longer.<br \/>\nI invite you to get to know me openly and discuss your individual goals with me.<\/p>\n\n\t\t<\/div>\n\t<\/div>\n\n\t<div class=\"wpb_text_column wpb_content_element\" >\n\t\t<div class=\"wpb_wrapper\">\n\t\t\t<p><strong>Contact<\/strong><\/p>\n<p>E-Mail: personal-trainer-kilian@arcor.de<\/p>\n<p>Phone: + 49 179 13 69 813<\/p>\n\n\t\t<\/div>\n\t<\/div>\n<div class=\"vc_separator wpb_content_element vc_separator_align_center vc_sep_width_100 vc_sep_pos_align_center vc_separator_no_text vc_sep_color_black wpb_content_element  wpb_content_element\" ><span class=\"vc_sep_holder vc_sep_holder_l\"><span class=\"vc_sep_line\"><\/span><\/span><span class=\"vc_sep_holder vc_sep_holder_r\"><span class=\"vc_sep_line\"><\/span><\/span>\n<\/div><\/div><\/div><\/div><\/div>\n<\/div>","protected":false},"excerpt":{"rendered":"Unsere Praxis bietet durch verschiedene Kooperationspartner ein erweitertes Angebot im Bereich Gesundheit an. Ingrid Tonn-Euringer Ingrid Tonn-Euringer hilft Ihnen empathisch und qualifiziert dabei, die verborgenen Ausl\u00f6ser und Dynamiken Ihrer Themen zu erkennen, geeignete L\u00f6sungswege zu finden, die pers\u00f6nliche Kraft und das eigene Potential zu entwickeln und schnell und nachhaltig Erleichterung zu erfahren. F\u00fcr Ihr gl\u00fcckliches [...]","protected":false},"author":1,"featured_media":0,"parent":5877,"menu_order":0,"comment_status":"closed","ping_status":"closed","template":"","meta":{"footnotes":""},"class_list":["post-13239","page","type-page","status-publish","hentry"],"_links":{"self":[{"href":"https:\/\/www.leb-chiropractic.de\/en\/wp-json\/wp\/v2\/pages\/13239","targetHints":{"allow":["GET"]}}],"collection":[{"href":"https:\/\/www.leb-chiropractic.de\/en\/wp-json\/wp\/v2\/pages"}],"about":[{"href":"https:\/\/www.leb-chiropractic.de\/en\/wp-json\/wp\/v2\/types\/page"}],"author":[{"embeddable":true,"href":"https:\/\/www.leb-chiropractic.de\/en\/wp-json\/wp\/v2\/users\/1"}],"replies":[{"embeddable":true,"href":"https:\/\/www.leb-chiropractic.de\/en\/wp-json\/wp\/v2\/comments?post=13239"}],"version-history":[{"count":5,"href":"https:\/\/www.leb-chiropractic.de\/en\/wp-json\/wp\/v2\/pages\/13239\/revisions"}],"predecessor-version":[{"id":17425,"href":"https:\/\/www.leb-chiropractic.de\/en\/wp-json\/wp\/v2\/pages\/13239\/revisions\/17425"}],"up":[{"embeddable":true,"href":"https:\/\/www.leb-chiropractic.de\/en\/wp-json\/wp\/v2\/pages\/5877"}],"wp:attachment":[{"href":"https:\/\/www.leb-chiropractic.de\/en\/wp-json\/wp\/v2\/media?parent=13239"}],"curies":[{"name":"wp","href":"https:\/\/api.w.org\/{rel}","templated":true}]}}