{"id":10983,"date":"2018-07-25T05:38:00","date_gmt":"2018-07-25T03:38:00","guid":{"rendered":"http:\/\/www.project3.leb-chiropraktik.de\/?page_id=10983"},"modified":"2025-01-15T17:48:55","modified_gmt":"2025-01-15T16:48:55","slug":"wissenswertes","status":"publish","type":"page","link":"https:\/\/www.leb-chiropractic.de\/en\/wissenswertes\/","title":{"rendered":"Nice to know"},"content":{"rendered":"<div class=\"wpb-content-wrapper\"><div class=\"vc_row wpb_row vc_row-fluid\" data-lang=\"English\"><div class=\"wpb_column vc_column_container vc_col-sm-12\"><div class=\"vc_column-inner\"><div class=\"wpb_wrapper\">\n\t<div class=\"wpb_raw_code wpb_raw_html wpb_content_element\" id=\"faq\">\n\t\t<div class=\"wpb_wrapper\">\n\t\t\t\n\t\t<\/div>\n\t<\/div>\n<div class='dt-sc-title mz-title'><div class='mz-title-content'><h2>FAQ<\/h2><\/div><\/div><\/div><\/div><\/div><\/div><div class=\"vc_row wpb_row vc_row-fluid\" data-lang=\"English\"><div class=\"wpb_column vc_column_container vc_col-sm-12\"><div class=\"vc_column-inner\"><div class=\"wpb_wrapper\"><div class='dt-sc-small-separator'><\/div><h2>Treatment<\/h2><div class='dt-sc-toggle-group-set'><div class=\"dt-sc-toggle-frame\">\t<h5 class='dt-sc-toggle'><a href='#'>How do I get an appointment and what will happen at the first visits?<\/a><\/h5>\t<div class=\"dt-sc-toggle-content\" style=\"display: none;\">\t\t<div class=\"block\">Rufen Sie uns einfach an! Unter dem Abschnitt <a href=\"\/en\/behandlung\/\">Treatment<\/a> will give you plenty of information about this topic.\t\t<\/div>\t<\/div><\/div><div class=\"dt-sc-toggle-frame\">\t<h5 class='dt-sc-toggle'><a href='#'>How much do the treatments cost? Does my health insurance pay?<\/a><\/h5>\t<div class=\"dt-sc-toggle-content\" style=\"display: none;\">\t\t<div class=\"block\"><b>G\u00fcltig ab dem 01. Januar 2025<\/b><\/p>\n<p>Our compensation is as follows:<\/p>\n<ul>\n<li>Neukunden (Anamnese, Erkl\u00e4rung der Chiropraktik, Untersuchung, Befundung, Ergebnisbesprechung) 120 \u20ac<\/li>\n<li>Neukunde Kind (bis 18 Jahren) 60 \u20ac<\/li>\n<\/ul>\n<p>&nbsp;<\/p>\n<ul>\n<li>Intensivphase <em>Privat<\/em> \u00a075 \u20ac<\/li>\n<li>Intensivphase <em>Selbstzahler<\/em> 70 \u20ac<\/li>\n<li>Intensivphase <em>Privat<\/em> Kind 40 \u20ac<\/li>\n<li>Intensivphase <em>Selbstzahler<\/em> Kind 35 \u20ac<\/li>\n<\/ul>\n<p>&nbsp;<\/p>\n<ul>\n<li>Regul\u00e4re Adjustierung 65 \u20ac<\/li>\n<li>Regul\u00e4re Adjustierung Kind 30 \u20ac<\/li>\n<\/ul>\n<p>&nbsp;<\/p>\n<ul>\n<li>Hour of Power (nur f\u00fcr Stammkunden) 50 \u20ac<\/li>\n<li>Hour of Power Kind 25 \u20ac<\/li>\n<\/ul>\n<p>&nbsp;<\/p>\n<ul>\n<li>Befundbericht 20 \u20ac<\/li>\n<\/ul>\n<p>At Leb Chiropractic we try to keep the costs as low as possible, which is why you have to pay directly after the appointments to save costs by not engaging external clearing houses.<\/p>\n<p>We are a private practice and bill on the fee regulation for non-medical practitioners (Heilpraktiker Geb\u00fchrenverordnung). If your German health insurance company reimburses non-medical practitioner benefits, you usually can reclaim your money. Often American health insurances include chiropractic care in their policies.\t\t<\/div>\t<\/div><\/div><div class=\"dt-sc-toggle-frame\">\t<h5 class='dt-sc-toggle'><a href='#'>How long do I have to wait for an appointment?<\/a><\/h5>\t<div class=\"dt-sc-toggle-content\" style=\"display: none;\">\t\t<div class=\"block\">Depending on how full our schedule is the waiting time can differ. You might get an appointment quickly, but often waiting times of up to 6 weeks are possible. As a matter of principle, appointments should not be arranged by e-mail, but by telephone, as it is easier and faster to find a suitable appointment for you and, if necessary, to consult directly with a chiropractor.\t\t<\/div>\t<\/div><\/div><div class=\"dt-sc-toggle-frame\">\t<h5 class='dt-sc-toggle'><a href='#'>How many treatments are required?<\/a><\/h5>\t<div class=\"dt-sc-toggle-content\" style=\"display: none;\">\t\t<div class=\"block\">This question can not be answered on a general basis. Only after a thorough examination can your chiropractor estimate what kind of treatment plan is necessary for you. Points to consider are pre-existing conditions, your lifestyle, your job, sports activities, your goals and what you want to achieve with chiropractic care. We emphasize not only short-term relief, but long-term improvement.\t\t<\/div>\t<\/div><\/div><\/div><\/div><\/div><\/div><\/div><div class=\"vc_row wpb_row vc_row-fluid\" data-lang=\"English\"><div class=\"wpb_column vc_column_container vc_col-sm-12\"><div class=\"vc_column-inner\"><div class=\"wpb_wrapper\"><div class='dt-sc-small-separator'><\/div><h2>Risks and side effects<\/h2><div class='dt-sc-toggle-group-set'><div class=\"dt-sc-toggle-frame\">\t<h5 class='dt-sc-toggle'><a href='#'>Can joints get too lax by the adjustment?<\/a><\/h5>\t<div class=\"dt-sc-toggle-content\" style=\"display: none;\">\t\t<div class=\"block\">Da wir in unserer Praxis nur Gelenke behandeln die eine Behandlung brauchen, leiern diese auch nicht aus. Theoretisch kann bei Behandlung gesunder Gelenke eine Verletzung verursacht werden. Durch das ausf\u00fchrliche Studium und fortlaufende Weiterbildungen haben die Chiropraktorinnen in unserer Praxis das Wissen, zu entscheiden, wann ein Gelenk Hilfe braucht und wann nicht.\t\t<\/div>\t<\/div><\/div><div class=\"dt-sc-toggle-frame\">\t<h5 class='dt-sc-toggle'><a href='#'>What are the side effects?<\/a><\/h5>\t<div class=\"dt-sc-toggle-content\" style=\"display: none;\">\t\t<div class=\"block\">It is not uncommon for the adjustments to cause muscle soreness and fatigue, which is a sign that the body is changing and starting the healing process.<\/p>\n<p>Sometimes the symptoms worsen for a short time or old complaints might reappear. This is not alarming , but part of the process. Most of these symptoms disappear within a few days.<\/p>\n<p>In rare cases, the body reacts with nausea, diarrhea or fever; in even rarer cases you might feel sad, listless or aggressive. In these cases, the body \"detoxifies\" physically or emotionally, which can also be part of the healing process.\t\t<\/div>\t<\/div><\/div><div class=\"dt-sc-toggle-frame\">\t<h5 class='dt-sc-toggle'><a href='#'>What risks are there? And what are just prejudices? Can chiropractic cause a stroke?<\/a><\/h5>\t<div class=\"dt-sc-toggle-content\" style=\"display: none;\">\t\t<div class=\"block\">There are rare cases in which the walls of an artery supplying the brain separates (dissection of the vertebral artery), which in the terminal stage can lead to a stroke. These patients seek out a doctor or chiropractor because of the headache that arises in the disease process. Since this phenomenon is of high importance in the study of a chiropractor, your chiropractor will always ask for possible risk factors and perform certain tests to take the appropriate action in case of suspicion of this serious problem.<\/p>\n<p>There are some reports that manipulation caused a stroke. In these reports, the level of education of the treating persons is hardly differentiated. Thus chiropractors, \u201cChiropraktiker\u201d, \u201cChirotherapeuten\u201d (this distinction is unknown in English and all are falsely referred to as \"chiropractors\"), orthopedic surgeons, physiotherapists and \"other therapists\" (sometimes even martial artists) are lumped together. Pay attention to the names Edzard Ernst and Simon Singh. (1)<\/p>\n<p>Overall, the risk of having a stroke is extremely small (2) and the chiropractic adjustments do not seem to exacerbate the problem (4).<\/p>\n<p>Unfortunately, there are always those cases that show no risk factors and where the tests are unremarkable. These people have then pulled the hard line that the stroke will happen no matter what. Whether they consult a doctor or chiropractor (3).<\/p>\n<p>This is why it is so important that your chiropractor has a sound education, which gives you a thorough initial consultation and an exam in depth.\t\t<\/div>\t<\/div><\/div><div class=\"dt-sc-toggle-frame\">\t<h5 class='dt-sc-toggle'><a href='#'>When should you not be adjusted?<\/a><\/h5>\t<div class=\"dt-sc-toggle-content\" style=\"display: none;\">\t\t<div class=\"block\">There are some absolute contraindications (5). During the initial interview, your chiropractor will make a detailed history (anamnesis) to see if you have any of these. If a not yet known contraindication is suspected, your chiropractor will send you for further diagnostic tests or refer you to the appropriate doctor.<\/p>\n<p>There are cases in which the diseased area should not be treated under any circumstances (for example metastases in a vertebra, as there is a risk of fracturing), anyhow it might help you if the surrounding areas are corrected.<\/p>\n<p>In each case, we decide individually what is possible and what is not. At Leb Chiropractic! your safety is our paramount aim.\t\t<\/div>\t<\/div><\/div><\/div><\/div><\/div><\/div><\/div><div class=\"vc_row wpb_row vc_row-fluid\" data-lang=\"English\"><div class=\"wpb_column vc_column_container vc_col-sm-12\"><div class=\"vc_column-inner\"><div class=\"wpb_wrapper\"><div class='dt-sc-small-separator'><\/div><h2>Chiropractors<\/h2><div class='dt-sc-toggle-group-set'><div class=\"dt-sc-toggle-frame\">\t<h5 class='dt-sc-toggle'><a href='#'>What does the study of chiropractic involve?<\/a><\/h5>\t<div class=\"dt-sc-toggle-content\" style=\"display: none;\">\t\t<div class=\"block\">The study of chiropractic is a full-time study of 5-6 years at an accredited university (currently there are none in Germany) and includes the following subjects (by the example of the University of Glamorgan from the year 2008).<\/p>\n<p><a href=\"http:\/\/294517.test-my-website.de\/prod\/wp-content\/uploads\/2020\/02\/tabelle_studium.png\" target=\"_blank\" rel=\"noopener noreferrer\"><img loading=\"lazy\" decoding=\"async\" class=\"aligncenter wp-image-13522 size-thumbnail\" src=\"http:\/\/294517.test-my-website.de\/prod\/wp-content\/uploads\/2020\/02\/tabelle_studium-150x150.png\" alt=\"\" width=\"150\" height=\"150\" \/><\/p>\n<p><\/a>Anatomy; Physiology; Biochemistry; Pathology; Microbiology; Pharmacology and Toxicology; Psychology; Dietetics, Nutrition; Public Health; Diagnostic Skills, General Physical Examination Methods; Laboratory Diagnostics; Differential Diagnosis; Radiology; Neurology; Rheumatology; Ophthalmology; ENT; Orthopedics, Pediatrics, Geriatrics; Gynecology and Obstetrics; Dermatology; Applied Neurology and Applied Orthopedics; Clinical Biomechanics, including special chiropractic \/ biomechanical examination methods (analysis of gait and posture, static and dynamic palpation of joints and bony structures, assessment of tissue tone and function); diagnostic imaging techniques and analysis; History, Principles and Treatment Philosophy of Chiropractic; Ethics and case law in the practice of chiropractic; Background studies on traditional medicine and complementary \/ alternative healing; patient treatment systems; documentation and clinical records and research.<\/p>\n<p>(The name of the subjects may vary depending on the university.)<\/p>\n<p>The World Health Organization WHO stipulates a minimum of 4200 hours. This number of hours is regularly exceeded at all accredited universities (e.g., Glamorgan 2008: 5360 hours).<\/p>\n<p><a href=\"http:\/\/www.euro.who.int\/en\" target=\"_blank\" rel=\"noopener noreferrer\">http:\/\/www.euro.who.int\/en<\/a><\/p>\n<p><a href=\"https:\/\/www.wfc.org\/website\/images\/wfc\/who_guidelines\/who_guidelines_english.pdf\" target=\"_blank\" rel=\"noopener noreferrer\">WHO Guidelines<\/a>\t\t<\/div>\t<\/div><\/div><div class=\"dt-sc-toggle-frame\">\t<h5 class='dt-sc-toggle'><a href='#'>What is the difference between a Chiropraktor, Chiropraktiker and Chirotherapeut?<\/a><\/h5>\t<div class=\"dt-sc-toggle-content\" style=\"display: none;\">\t\t<div class=\"block\">Chiropractors have completed an intensive chiropractic course of studies (5-6 years at the university, including one year of practice at the University Hospital), in line with both the European Union's unified standards and the World Health Organization (WHO) international guidelines (7). In addition, a chiropractor has in-depth knowledge in general medicine, neurology and radiology (in many other countries, chiropractors are allowed to take x-rays), so that they are also able to read and interpret radiological images. Chiropractors must prove during their year of practice that they have the knowledge and the dexterity to be able to independently diagnose and treat patients.<\/p>\n<p>Chiropraktiker are a kind of naturopaths who have attended chiropractic courses. Since there are no legal quality standards in Germany, the quality span can vary very much.  \n\nThe Paracelsus School only allocates 45 hours for chiropractic! (6)\n<a href=\"https:\/\/www.paracelsus.de\">Paracelsus<\/a><\/p>\n<p>Chirotherapeuten sind \u00c4rzte, die eine Zusatzausbildung (320 Stunden) im Bereich Chiropraktik absolviert haben. Sie d\u00fcrfen Chirotherapie oder Manuelle Therapie als Zusatz f\u00fchren. (8)\nDa es in Deutschland noch kein Berufs-Gesetz f\u00fcr Chiropraktoren gibt, sind diese dazu verpflichtet, unter dem Heilpraktiker-Gesetz zu arbeiten, obwohl keine Regelungen \u00fcber Ausbildungsvoraussetzungen, Dauer oder Inhalt der (Heilpraktiker-) Ausbildung im Bezug auf die sp\u00e4ter ausge\u00fcbte Technik existieren. Das Heilpraktiker-Gesetz definiert lediglich, dass, wer die Heilkunde aus\u00fcben will ohne als Arzt bestallt zu sein, einer Erlaubnis bedarf.\t\t<\/div>\t<\/div><\/div><div class=\"dt-sc-toggle-frame\">\t<h5 class='dt-sc-toggle'><a href='#'>What is the difference between chiropractic and osteopathy?<\/a><\/h5>\t<div class=\"dt-sc-toggle-content\" style=\"display: none;\">\t\t<div class=\"block\">Both osteopaths and chiropractors assume that the body has the capacity to heal itself. Although some theories and techniques of both disciplines overlap, the approaches are different. Depending on which technique is used in chiropractic or osteopathy, it may appear and feel very similar or very different for the layman.<\/p>\n<p>Im gro\u00dfen Groben und Ganzen kann man vielleicht sagen, dass die Osteopathie sich vornehmlich mit den inneren Organen befasst. Die Parietale Osteopathie befasst sich au\u00dferdem mit St\u00f6rungen des Muskuloskelettal-Systems.<\/p>\n<p>Die Chiropraktik befasst sich erst mit dem Nervensystem. Wenn die von den Nerven versorgten Strukturen (Muskeln, Gelenke und Organe) nicht reagieren, korrigieren Chiropraktoren auch St\u00f6rungen in diesen.<\/p>\n<p>As with chiropractic, osteopathy is not well regulated in Germany. Here, too, the differences in quality can be enormous. However, osteopathy with its own degree program in Germany and greater recognition is already a few steps further in the process of legal recognition.<\/p>\n<p>We at Leb Chiropractic! do not see osteopaths as competitors; we are even collaborating with some local osteopaths.\t\t<\/div>\t<\/div><\/div><div class=\"dt-sc-toggle-frame\">\t<h5 class='dt-sc-toggle'><a href='#'>How do I find a qualified chiropractor?<\/a><\/h5>\t<div class=\"dt-sc-toggle-content\" style=\"display: none;\">\t\t<div class=\"block\">Studied chiropractors can be found in Germany via our professional association <a href=\"http:\/\/www.chiropraktik.de\/\" target=\"_blank\" rel=\"noopener noreferrer\">German Chiropractors Association e.V<\/a>, in other European countries via their professional organization.<\/p>\n<p><a href=\"https:\/\/www.chiropractic-ecu.org\/about-us\/our-members\/\" target=\"_blank\" rel=\"noopener noreferrer\">https:\/\/www.chiropractic-ecu.org\/about-us\/our-members\/<\/a>\t\t<\/div>\t<\/div><\/div><\/div><\/div><\/div><\/div><\/div><div class=\"vc_row wpb_row vc_row-fluid\" data-lang=\"English\"><div class=\"wpb_column vc_column_container vc_col-sm-12\"><div class=\"vc_column-inner\"><div class=\"wpb_wrapper\"><div class='dt-sc-small-separator'><\/div><h2>Self-help<\/h2><div class='dt-sc-toggle-group-set'><div class=\"dt-sc-toggle-frame\">\t<h5 class='dt-sc-toggle'><a href='#'>How does prevention look like in chiropractic?<\/a><\/h5>\t<div class=\"dt-sc-toggle-content\" style=\"display: none;\">\t\t<div class=\"block\">Depending on how well your body can maintain the adjustment and remain stable (which often depends on the level of physical activity, occupation, environment and lifestyle), we see our clients at intervals of 4 weeks to 3 months. The goal is to maintain the results achieved in the intensive phase and correct new subluxations as quickly as possible before they can produce symptoms.\t\t<\/div>\t<\/div><\/div><div class=\"dt-sc-toggle-frame\">\t<h5 class='dt-sc-toggle'><a href='#'>How can I stabilize my spine?<\/a><\/h5>\t<div class=\"dt-sc-toggle-content\" style=\"display: none;\">\t\t<div class=\"block\">The adjustments give neurological stimuli that help the body to stabilize. In some cases, especially with a sedentary occupation, you must help to keep the body stable. We will give you exercise when your body is ready to take them on, so you can actively participate.<\/p>\n<p>We also do work closely with a <a href=\"\/en\/team\/partner\/\">Personal Trainer<\/a> . He offers back training for our customers. If you wish, we will make arrangements in advance to achieve optimal results for you.\t\t<\/div>\t<\/div><\/div><div class=\"dt-sc-toggle-frame\">\t<h5 class='dt-sc-toggle'><a href='#'>What happens on the chiropractic evening?<\/a><\/h5>\t<div class=\"dt-sc-toggle-content\" style=\"display: none;\">\t\t<div class=\"block\">The chiropractic evening is designed for our customers and their family and friends. If you are not yet a customer and would like to get to know our clinic you are also welcome.<\/p>\n<p>We would like to give you an understanding of how subluxations come, how you can recognize and avoid your personal triggers. The more you know, the more you can do for yourself and the less adjustments you will need.<\/p>\n<p>I am so stressed that my body keeps subluxating. What can I do?  In acute stress phases it makes sense to be treated more often until the stress is over.  Chiropractic can help you to get through this phase as unscathed as possible.<\/p>\n<p>In the case of persistent stress, the end of which is not foreseeable and which you cannot control, we work together with other professions that can help you to better deal with this stress. It is important to us to help you in the long term and not just to give you symptom treatment\t\t<\/div>\t<\/div><\/div><\/div><\/div><\/div><\/div><\/div><div class=\"vc_row wpb_row vc_row-fluid\" data-lang=\"English\"><div class=\"wpb_column vc_column_container vc_col-sm-12\"><div class=\"vc_column-inner\"><div class=\"wpb_wrapper\"><div class='dt-sc-small-separator'><\/div><h2>Complaints<\/h2><div class='dt-sc-toggle-group-set'><div class=\"dt-sc-toggle-frame\">\t<h5 class='dt-sc-toggle'><a href='#'>Who can be treated? For whom is the treatment useful?<\/a><\/h5>\t<div class=\"dt-sc-toggle-content\" style=\"display: none;\">\t\t<div class=\"block\">Anyone can be treated: Whether newborn, adolescent or elderly; whether for prevention or treatment of symptoms; whether sensitive or rather robust person; whether as first contact point or as co-management of other diseases; we can adapt to you and your family.<\/p>\n<p>It is useful for everyone to have a fully functioning nervous system.<\/p>\n<p>If you are one of the few exceptions that cannot be adjusted (Link s.o When may not be adjusted?), we will refer you to the appropriate specialist.\t\t<\/div>\t<\/div><\/div><div class=\"dt-sc-toggle-frame\">\t<h5 class='dt-sc-toggle'><a href='#'>How old do you have to be to be treated?<\/a><\/h5>\t<div class=\"dt-sc-toggle-content\" style=\"display: none;\">\t\t<div class=\"block\">Adjustments can be done immediately after birth. In the hands of a studied chiropractor even the smallest ones are safe. There are special techniques for each age group. Our chiropractors have completed advanced training in the field of pediatrics.\t\t<\/div>\t<\/div><\/div><div class=\"dt-sc-toggle-frame\">\t<h5 class='dt-sc-toggle'><a href='#'>What are typical symptoms?<\/a><\/h5>\t<div class=\"dt-sc-toggle-content\" style=\"display: none;\">\t\t<div class=\"block\">Most clients come to us with complaints of the musculoskeletal system, for example:<\/p>\n<ul>\n<li>back pain, sciatica pain<\/li>\n<li>herniated discs<\/li>\n<li>scoliosis, leg length inequality, pelvic obliquity<\/li>\n<li>Migraine, tension headache<\/li>\n<li>Craniomandibular dysfunction (CMD)<\/li>\n<li>shoulder pain, frozen shoulder, impingement syndrome<\/li>\n<li>Tennis elbow, golfer's elbow<\/li>\n<li>Carpal tunnel syndrome<\/li>\n<li>knee or hip pain due to degeneration or injury<\/li>\n<li>ankle pain, heel spurs<\/li>\n<\/ul>\n<p>Disturbances in the sensory system can trigger the following symptoms:<\/p>\n<ul>\n<li>shooting pain<\/li>\n<li>numbness, tingling, formication<\/li>\n<li>dizziness<\/li>\n<\/ul>\n<p>Some of our customers complained about organic issues like:<\/p>\n<ul>\n<li>Heartburn, stomach ache<\/li>\n<li>Diarrhea, constipation, flatulence<\/li>\n<li>Inexplicable high liver values<\/li>\n<li>tachycardia, heart stuttering, arrhythmias<\/li>\n<li>difficulty breathing<\/li>\n<li>abdominal pain, painful period, childlessness<\/li>\n<\/ul>\n<p>Up to present date we co-managed the following diseases:<\/p>\n<ul>\n<li>asthma<\/li>\n<li>cancer<\/li>\n<li>Multiple sclerosis<\/li>\n<li>Tourette syndrome<\/li>\n<li>Complex regional pain syndrome (Morbus Sudeck)<\/li>\n<li>rheumatism<\/li>\n<li>diabetes<\/li>\n<li>phenylketonuria<\/li>\n<\/ul>\n<p>Children are often brought to our practice because of:<\/p>\n<ul>\n<li>birth by cesarean section, forceps, suction cup or severe labor in general<\/li>\n<li>Overly screaming<\/li>\n<li>too high or low body tone<\/li>\n<li>lack of concentration<\/li>\n<li>ADHD<\/li>\n<li>posture<\/li>\n<li>Growing pains<\/li>\n<li>before treatment with braces (teeth)<\/li>\n<\/ul>\n<p>Many people also visit our clinic for prevention or to improve their athletic performance (for example, Ironman, marathon, golf, horseback riding).<\/p>\n<p>Whatever your personal matter of concern, we always approach you and your goals individually.\t\t<\/div>\t<\/div><\/div><div class=\"dt-sc-toggle-frame\">\t<h5 class='dt-sc-toggle'><a href='#'>How fast do I notice an improvement?<\/a><\/h5>\t<div class=\"dt-sc-toggle-content\" style=\"display: none;\">\t\t<div class=\"block\">This differs from person to person. Depending on when the pain started, what co-morbidities you have, what lifestyle you are leading, and how well your body responds to chiropractic, results can be quick or take a few weeks to months. As with any type of treatment, no one can promise success. It is important for us to always involve you closely in the recovery process so that you achieve the best results.\t\t<\/div>\t<\/div><\/div><\/div><\/div><\/div><\/div><\/div><div class=\"vc_row wpb_row vc_row-fluid\" data-lang=\"English\"><div class=\"wpb_column vc_column_container vc_col-sm-12\"><div class=\"vc_column-inner\"><div class=\"wpb_wrapper\"><div class=\"vc_empty_space\"   style=\"height: 32px\"><span class=\"vc_empty_space_inner\"><\/span><\/div>\n\t<div class=\"wpb_text_column wpb_content_element\" >\n\t\t<div class=\"wpb_wrapper\">\n\t\t\t<p><a name=\"ref\"><strong>References (some in German)<\/strong><\/a><\/p>\n<p>(1) Edzard Ernst, J R Soc Med. 2007 Jul; 100(7): 330\u2013338 \/\/ https:\/\/www.ncbi.nlm.nih.gov\/pmc\/articles\/PMC1905885\/ (abgerufen 15.02.2018)<\/p>\n<p>(2) https:\/\/www.nhs.uk\/conditions\/chiropractic\/ (abgerufen 15.02.2018)<\/p>\n<p>(3) Scott Haldeman, Linda Carroll, J. David Cassidy, et al.<br \/>\nTheBoneandJointDecade2000\u20132010TaskForceonNeck PainandItsAssociatedDisorders , SPINE Volume 33, Number 4S, pp S5\u2013S7 \u00a92008, Lippincott Williams &amp; Wilkins<\/p>\n<p>(4) Thomas M Kosloff, David Elton, Jiang Tao, and Wade M Bannister Chiropractic care and the risk of vertebrobasilar stroke: results of a case\u2013control study in U.S. commercial and Medicare Advantage populations, Chiropr Man Therap. 2015; 23: 19.<\/p>\n<p>(5) https:\/\/www.wfc.org\/website\/images\/wfc\/who_guidelines\/who_guidelines_german.pdf (abgerufen 19.02.2018)<\/p>\n<p>(6) https:\/\/www.paracelsus.de\/a_sosemi.asp?<\/p>\n<p>(7) http:\/\/www.who.int\/medicines\/areas\/traditional\/Chiro-Guidelines.pdf \/ https:\/\/www.wfc.org\/website\/images\/wfc\/who_guidelines\/who_guidelines_german.pdf<\/p>\n<p>(8) http:\/\/www.dgmm.de\/aerzte.html<\/p>\n\n\t\t<\/div>\n\t<\/div>\n<\/div><\/div><\/div><\/div><div class=\"vc_row wpb_row vc_row-fluid\" data-lang=\"English\"><div class=\"wpb_column vc_column_container vc_col-sm-12\"><div class=\"vc_column-inner\"><div class=\"wpb_wrapper\"><\/div><\/div><\/div><\/div>\n<\/div>","protected":false},"excerpt":{"rendered":"H\u00e4ufig gestellte FragenBehandlung Wie bekomme ich einen Termin und was passiert an den ersten Terminen? Rufen Sie uns einfach an! Unter dem Abschnitt Behandlung finden Sie zudem ausf\u00fchrliche Informationen zu dieser Frage. Wieviel kosten die Behandlungen? Zahlt meine Krankenkasse? G\u00fcltig ab dem 01. Januar 2025 Unsere Verg\u00fctung sieht wie folgt aus: Neukunden (Anamnese, Erkl\u00e4rung der [...]","protected":false},"author":1,"featured_media":0,"parent":0,"menu_order":0,"comment_status":"closed","ping_status":"closed","template":"","meta":{"footnotes":""},"class_list":["post-10983","page","type-page","status-publish","hentry"],"_links":{"self":[{"href":"https:\/\/www.leb-chiropractic.de\/en\/wp-json\/wp\/v2\/pages\/10983","targetHints":{"allow":["GET"]}}],"collection":[{"href":"https:\/\/www.leb-chiropractic.de\/en\/wp-json\/wp\/v2\/pages"}],"about":[{"href":"https:\/\/www.leb-chiropractic.de\/en\/wp-json\/wp\/v2\/types\/page"}],"author":[{"embeddable":true,"href":"https:\/\/www.leb-chiropractic.de\/en\/wp-json\/wp\/v2\/users\/1"}],"replies":[{"embeddable":true,"href":"https:\/\/www.leb-chiropractic.de\/en\/wp-json\/wp\/v2\/comments?post=10983"}],"version-history":[{"count":21,"href":"https:\/\/www.leb-chiropractic.de\/en\/wp-json\/wp\/v2\/pages\/10983\/revisions"}],"predecessor-version":[{"id":16257,"href":"https:\/\/www.leb-chiropractic.de\/en\/wp-json\/wp\/v2\/pages\/10983\/revisions\/16257"}],"wp:attachment":[{"href":"https:\/\/www.leb-chiropractic.de\/en\/wp-json\/wp\/v2\/media?parent=10983"}],"curies":[{"name":"wp","href":"https:\/\/api.w.org\/{rel}","templated":true}]}}