{"id":10809,"date":"2018-07-13T07:41:12","date_gmt":"2018-07-13T05:41:12","guid":{"rendered":"http:\/\/www.project3.leb-chiropraktik.de\/?page_id=10809"},"modified":"2025-01-15T17:51:36","modified_gmt":"2025-01-15T16:51:36","slug":"behandlungsspektrum","status":"publish","type":"page","link":"https:\/\/www.leb-chiropractic.de\/en\/behandlungsspektrum\/","title":{"rendered":"Range of treatments"},"content":{"rendered":"<div class=\"wpb-content-wrapper\"><div data-vc-full-width=\"true\" data-vc-full-width-init=\"false\" class=\"vc_row wpb_row vc_row-fluid\" data-lang=\"English\"><div class=\"wpb_column vc_column_container vc_col-sm-12\"><div class=\"vc_column-inner\"><div class=\"wpb_wrapper\"><div class=\"vc_separator wpb_content_element vc_separator_align_center vc_sep_width_100 vc_sep_border_width_5 vc_sep_pos_align_center vc_separator_no_text vc_sep_color_grey wpb_content_element  wpb_content_element\" ><span class=\"vc_sep_holder vc_sep_holder_l\"><span class=\"vc_sep_line\"><\/span><\/span><span class=\"vc_sep_holder vc_sep_holder_r\"><span class=\"vc_sep_line\"><\/span><\/span>\n<\/div><\/div><\/div><\/div><div class=\"wpb_column vc_column_container vc_col-sm-12\"><div class=\"vc_column-inner\"><div class=\"wpb_wrapper\"><h2>Subluxations<\/h2><h3>if the nerve messages are not received<\/h3><div class='dt-sc-small-separator'><\/div>\n\t<div class=\"wpb_text_column wpb_content_element\" >\n\t\t<div class=\"wpb_wrapper\">\n\t\t\t<p>Subluxations are changes particularly in the vertebral position of the spine that cause irritation, undersupply or pressure on the central nervous system and peripheral nerves.<\/p>\n<p>Existing subluxations can affect the whole body, the locomotor system and all organs. As a result, pain and dysfunctions may occur, although subluxations often do not produce any symptoms for years. Chiropractic serves to restore the functions, so that nerve messages arrive correctly again, organs can function properly again.<\/p>\n<div class=\"greenheading\">Do you have back pain, digestive problems, ear noises or heart problems? Or you simply want to do something good for your body.<br \/>\nTalk to us!<\/div>\n\n\t\t<\/div>\n\t<\/div>\n<\/div><\/div><\/div><div class=\"wpb_column vc_column_container vc_col-sm-12\"><div class=\"vc_column-inner\"><div class=\"wpb_wrapper\"><div class=\"vc_separator wpb_content_element vc_separator_align_center vc_sep_width_100 vc_sep_border_width_5 vc_sep_pos_align_center vc_separator_no_text vc_sep_color_grey wpb_content_element  wpb_content_element\" ><span class=\"vc_sep_holder vc_sep_holder_l\"><span class=\"vc_sep_line\"><\/span><\/span><span class=\"vc_sep_holder vc_sep_holder_r\"><span class=\"vc_sep_line\"><\/span><\/span>\n<\/div>\n\t<div class=\"wpb_raw_code wpb_raw_html wpb_content_element\" >\n\t\t<div class=\"wpb_wrapper\">\n\t\t\t<style>\n\/* Flip Card Effekt *\/\n\/* The flip card container - set the width and height to whatever you want. We have added the border property to demonstrate that the flip itself goes out of the box on hover (remove perspective if you don't want the 3D effect *\/\n.flip-card {\n  background-color: transparent;\n  width: 250px;\n  height: 250px;\n  border: 1px solid #f1f1f1;\n  perspective: 1000px; \/* Remove this if you don't want the 3D effect *\/\ntext-align:center;\n}\n\n\/* This container is needed to position the front and back side *\/\n.flip-card-inner {\n  position: relative;\n  width: 100%;\n  height: 100%;\n  text-align: center;\n  transition: transform 0.8s;\n  transform-style: preserve-3d;\n}\n\n\/* Do an horizontal flip when you move the mouse over the flip box container *\/\n.flip-card:hover .flip-card-inner {\n  transform: rotateY(180deg);\n}\n\n\/* Position the front and back side *\/\n.flip-card-front, .flip-card-back {\n  position: absolute;\n  width: 100%;\n  height: 100%;\n  backface-visibility: hidden;\n}\n\n\/* Style the front side (fallback if image is missing) *\/\n.flip-card-front {\n  background-color: #bbb;\n  color: black;\n}\n\n\/* Style the back side *\/\n.flip-card-back {\n  background-color: dodgerblue;\n  color: white;\n  transform: rotateY(180deg);\n} \n\n\/* #### CARD EFFECT ENDE ### *\/\n<\/style>\n\t\t<\/div>\n\t<\/div>\n<\/div><\/div><\/div><\/div><div class=\"vc_row-full-width vc_clearfix\"><\/div><div data-vc-full-width=\"true\" data-vc-full-width-init=\"false\" class=\"vc_row wpb_row vc_row-fluid\" data-lang=\"English\"><div class=\"wpb_column vc_column_container vc_col-sm-4\"><div class=\"vc_column-inner\"><div class=\"wpb_wrapper\">\n\t<div class=\"wpb_raw_code wpb_raw_html wpb_content_element\" >\n\t\t<div class=\"wpb_wrapper\">\n\t\t\t<center><p class=\"greenheading\">Andrea Gundermann, 41 years<\/p>\n <div class=\"flip-card\">\n  <div class=\"flip-card-inner\">\n    <div class=\"flip-card-front\">\n      <img decoding=\"async\" src=\"http:\/\/www.leb-chiropractic.de\/wp-content\/uploads\/2019\/12\/andrea_gundermann_tisch.jpg\" alt=\"Avatar\">\n    <\/div>\n    <div class=\"flip-card-back\">\n     <img decoding=\"async\" src=\"http:\/\/www.leb-chiropractic.de\/wp-content\/uploads\/2019\/12\/andrea_gundermann_pferd.jpg\" alt=\"Avatar\">\n    <\/div>\n  <\/div>\n<\/div> \n<p>Office Clerk with tennis ellbow, neck problems<br\/>\n<b>Goal:<\/b> Charlotte versorgen, wieder reiten k\u00f6nnen<\/p><\/center>\n\t\t<\/div>\n\t<\/div>\n<\/div><\/div><\/div><div class=\"wpb_column vc_column_container vc_col-sm-4\"><div class=\"vc_column-inner\"><div class=\"wpb_wrapper\">\n\t<div class=\"wpb_raw_code wpb_raw_html wpb_content_element\" >\n\t\t<div class=\"wpb_wrapper\">\n\t\t\t<center><p class=\"greenheading\">Peter Gundermann, 39 years<\/p> \n<div class=\"flip-card\">\n  <div class=\"flip-card-inner\">\n    <div class=\"flip-card-front\">\n      <img decoding=\"async\" src=\"http:\/\/www.leb-chiropractic.de\/wp-content\/uploads\/2019\/12\/oeter_gundermann_schmerzen.jpg\" alt=\"Avatar\">\n    <\/div>\n    <div class=\"flip-card-back\">\n     <img decoding=\"async\" src=\"http:\/\/www.leb-chiropractic.de\/wp-content\/uploads\/2019\/12\/oeter_gundermann_gl\u00fccklich.jpg\" alt=\"Avatar\">\n    <\/div>\n  <\/div>\n<\/div> \n<p>Heating engineer, suffers from a herniated disk<br\/>\n<b>Goal: <\/b>to avoid surgery, to maintain working ability<\/p><\/center>\n\n\n\t\t<\/div>\n\t<\/div>\n<\/div><\/div><\/div><div class=\"wpb_column vc_column_container vc_col-sm-4\"><div class=\"vc_column-inner\"><div class=\"wpb_wrapper\">\n\t<div class=\"wpb_raw_code wpb_raw_html wpb_content_element\" >\n\t\t<div class=\"wpb_wrapper\">\n\t\t\t<center><p class=\"greenheading\">Valentin Gundermann, 16 years<\/p> \n<div class=\"flip-card\">\n  <div class=\"flip-card-inner\">\n    <div class=\"flip-card-front\">\n      <img decoding=\"async\" src=\"http:\/\/www.leb-chiropractic.de\/wp-content\/uploads\/2019\/12\/vallentin_gundermann_schmerz.jpg\" alt=\"Avatar\">\n    <\/div>\n    <div class=\"flip-card-back\">\n     <img decoding=\"async\" src=\"http:\/\/www.leb-chiropractic.de\/wp-content\/uploads\/2019\/12\/vallentin_gundermann_gl\u00fccklich.jpg\" alt=\"Avatar\">\n    <\/div>\n  <\/div>\n<\/div> \n<p>Schoolboy with headaches, difficulties in concentrating<br\/>\n<b>Goal: <\/b>to improve his academic perfomanca, to pass the final exams<\/p><\/center>\n\t\t<\/div>\n\t<\/div>\n<\/div><\/div><\/div><\/div><div class=\"vc_row-full-width vc_clearfix\"><\/div><div data-vc-full-width=\"true\" data-vc-full-width-init=\"false\" class=\"vc_row wpb_row vc_row-fluid\" data-lang=\"English\"><div class=\"wpb_column vc_column_container vc_col-sm-4\"><div class=\"vc_column-inner\"><div class=\"wpb_wrapper\">\n\t<div class=\"wpb_raw_code wpb_raw_html wpb_content_element\" >\n\t\t<div class=\"wpb_wrapper\">\n\t\t\t<center><p class=\"greenheading\">Charlotte Gundermann, 10 weeks<\/p>\n <div class=\"flip-card\">\n  <div class=\"flip-card-inner\">\n    <div class=\"flip-card-front\">\n      <img decoding=\"async\" src=\"http:\/\/www.leb-chiropractic.de\/wp-content\/uploads\/2019\/12\/charlotte_gundermann_traurig.jpg\" alt=\"Avatar\">\n    <\/div>\n    <div class=\"flip-card-back\">\n     <img decoding=\"async\" src=\"http:\/\/www.leb-chiropractic.de\/wp-content\/uploads\/2019\/12\/charlotte_gundermann_gl\u00fccklich.jpg\" alt=\"Avatar\">\n    <\/div>\n  <\/div>\n<\/div> \n<p>Sunshine with slight nursing problems<br\/>\n<b>Goal:<\/b> optimal growth and progression, prevention of problems<\/p><\/center>\n\t\t<\/div>\n\t<\/div>\n<\/div><\/div><\/div><div class=\"wpb_column vc_column_container vc_col-sm-4\"><div class=\"vc_column-inner\"><div class=\"wpb_wrapper\">\n\t<div class=\"wpb_raw_code wpb_raw_html wpb_content_element\" >\n\t\t<div class=\"wpb_wrapper\">\n\t\t\t<center><p class=\"greenheading\">Willibert Gundermann, 70 years<\/p>\n<div class=\"flip-card\">\n  <div class=\"flip-card-inner\">\n    <div class=\"flip-card-front\">\n      <img decoding=\"async\" src=\"http:\/\/www.leb-chiropractic.de\/wp-content\/uploads\/2019\/12\/willi_walter_schmerzen.jpg\" alt=\"Avatar\">\n    <\/div>\n    <div class=\"flip-card-back\">\n     <img decoding=\"async\" src=\"http:\/\/www.leb-chiropractic.de\/wp-content\/uploads\/2019\/12\/willi_walter_gl\u00fccklich.jpg\" alt=\"Avatar\">\n    <\/div>\n  <\/div>\n\n<\/div> \n <p>Fulltime grandfather, suffers from lung cancer<br\/>\n<b>Goal: <\/b>to ease the pain, to stay fit for his grandchildren, accompanying therapy until death<\/p><\/center>\n\t\t<\/div>\n\t<\/div>\n<\/div><\/div><\/div><div class=\"wpb_column vc_column_container vc_col-sm-4\"><div class=\"vc_column-inner\"><div class=\"wpb_wrapper\">\n\t<div class=\"wpb_raw_code wpb_raw_html wpb_content_element\" >\n\t\t<div class=\"wpb_wrapper\">\n\t\t\t<center><p class=\"greenheading\">Christine Walter, 39 years<\/p>\n <div class=\"flip-card\">\n  <div class=\"flip-card-inner\">\n    <div class=\"flip-card-front\">\n      <img decoding=\"async\" src=\"http:\/\/www.leb-chiropractic.de\/wp-content\/uploads\/2019\/12\/polizei_gundermann_gut.jpg\" alt=\"Avatar\">\n    <\/div>\n    <div class=\"flip-card-back\">\n     <img decoding=\"async\" src=\"http:\/\/www.leb-chiropractic.de\/wp-content\/uploads\/2019\/12\/polizei_gundermann_besser.jpg\" alt=\"Avatar\">\n    <\/div>\n  <\/div>\n<p><\/p>\n<\/div> \n<p>Police officer, is feeling very well<br\/>\n<b>Goal: <\/b>performance enhancement, prevention for injury<\/p><\/center>\n\t\t<\/div>\n\t<\/div>\n<\/div><\/div><\/div><\/div><div class=\"vc_row-full-width vc_clearfix\"><\/div><div data-vc-full-width=\"true\" data-vc-full-width-init=\"false\" class=\"vc_row wpb_row vc_row-fluid\" data-lang=\"English\"><div class=\"wpb_column vc_column_container vc_col-sm-6\"><div class=\"vc_column-inner\"><div class=\"wpb_wrapper\">\n\t<div class=\"wpb_raw_code wpb_raw_html wpb_content_element\" >\n\t\t<div class=\"wpb_wrapper\">\n\t\t\t<center><p class=\"greenheading\">Thomas Walter-Novak, 55 years<\/p>\n<div class=\"flip-card\">\n  <div class=\"flip-card-inner\">\n    <div class=\"flip-card-front\">\n      <img decoding=\"async\" src=\"http:\/\/www.leb-chiropractic.de\/wp-content\/uploads\/2019\/12\/tw_nowak_problem.jpg\" alt=\"Avatar\">\n    <\/div>\n    <div class=\"flip-card-back\">\n     <img decoding=\"async\" src=\"http:\/\/www.leb-chiropractic.de\/wp-content\/uploads\/2019\/12\/tw_nowak_l\u00f6sung.jpg\" alt=\"Avatar\">\n    <\/div>\n  <\/div>\n\n<\/div> \n<p>Dentist with unexplainable heart stumbles and pain in the upper abdomen<br\/> \n<b>Goal: <\/b>to try a new approach, to find an explanantion for his symptoms<\/p><\/center>\n\t\t<\/div>\n\t<\/div>\n<\/div><\/div><\/div><div class=\"wpb_column vc_column_container vc_col-sm-6\"><div class=\"vc_column-inner\"><div class=\"wpb_wrapper\">\n\t<div class=\"wpb_raw_code wpb_raw_html wpb_content_element\" >\n\t\t<div class=\"wpb_wrapper\">\n\t\t\t<center><p class=\"greenheading\">Lena Novak, 53 years<\/p> \n<div class=\"flip-card\">\n  <div class=\"flip-card-inner\">\n    <div class=\"flip-card-front\">\n      <img decoding=\"async\" src=\"http:\/\/www.leb-chiropractic.de\/wp-content\/uploads\/2019\/12\/lena_nowak_schief.jpg\" alt=\"Avatar\">\n    <\/div>\n    <div class=\"flip-card-back\">\n     <img decoding=\"async\" src=\"http:\/\/www.leb-chiropractic.de\/wp-content\/uploads\/2019\/12\/lena_nowak_gerade.jpg\" alt=\"Avatar\">\n    <\/div>\n  <\/div>\n<\/div> \n<p> Teacher with craniomandibular dysfunction<br\/>\n<b>Goal:<\/b> correction of the joint and the cervical spine into its ideal position prior to a dental restoration\n<\/p><\/center>\n\t\t<\/div>\n\t<\/div>\n<\/div><\/div><\/div><\/div><div class=\"vc_row-full-width vc_clearfix\"><\/div><div class=\"vc_row wpb_row vc_row-fluid\" data-lang=\"English\"><div class=\"wpb_column vc_column_container vc_col-sm-12\"><div class=\"vc_column-inner\"><div class=\"wpb_wrapper\"><div class=\"vc_separator wpb_content_element vc_separator_align_center vc_sep_width_100 vc_sep_border_width_5 vc_sep_pos_align_center vc_separator_no_text vc_sep_color_grey wpb_content_element  wpb_content_element\" ><span class=\"vc_sep_holder vc_sep_holder_l\"><span class=\"vc_sep_line\"><\/span><\/span><span class=\"vc_sep_holder vc_sep_holder_r\"><span class=\"vc_sep_line\"><\/span><\/span>\n<\/div><h2>What are the possible symptoms?<\/h2><div class='dt-sc-small-separator'><\/div>\n\t<div class=\"wpb_text_column wpb_content_element\" >\n\t\t<div class=\"wpb_wrapper\">\n\t\t\t<p>Subluxations can be triggered by physical (e.g. poor posture, accidents), chemical (e.g. smoking, chemicals in food and cosmetics) and mental-emotional (e.g. overwork, grief) stress when the body has exhausted its ability to adapt to these stressors.<\/p>\n<p>Subluxations always lead to a malfunction and miscoordination of the affected organ. Since the body has an enormous ability to compensate, however, concrete symptoms are often not felt for a long time (up to years!). Depending on which part of the nervous system is affected, a variety of symptoms are possible, for example:<\/p>\n\n\t\t<\/div>\n\t<\/div>\n<\/div><\/div><\/div><div class=\"wpb_column vc_column_container vc_col-sm-5\"><div class=\"vc_column-inner\"><div class=\"wpb_wrapper\"><dl>\n<dt><strong>Internal organs (70% of the nervous system):<\/strong><\/dt>\n<dd>Pseudo-Angina Pectoris<\/dd>\n<dd>Reflux<\/dd>\n<dd>reduced immune defence<\/dd>\n<dt><strong>Muscles (20% of the nervous system)<\/strong><\/dt>\n<dd>muscle weakness<\/dd>\n<dd>tensions<\/dd>\n<dt><strong>Sensors (10% of the nervous system)<\/strong><\/dt>\n<dd>tingling, numbness of the skin<\/dd>\n<dd>Pain (joints, back, migraine etc.)<\/dd>\n<\/dl><\/div><\/div><\/div><div class=\"wpb_column vc_column_container vc_col-sm-5\"><div class=\"vc_column-inner\"><div class=\"wpb_wrapper\"><img loading=\"lazy\" decoding=\"async\" width=\"159\" height=\"816\" src=\"https:\/\/www.leb-chiropractic.de\/wp-content\/uploads\/2019\/03\/wirbels.png\" class=\"aligncenter resize attachment-full\" alt=\"\" title=\"wirbels\" \/><\/div><\/div><\/div><div class=\"wpb_column vc_column_container vc_col-sm-2\"><div class=\"vc_column-inner\"><div class=\"wpb_wrapper\"><\/div><\/div><\/div><\/div><div class=\"vc_row wpb_row vc_row-fluid\" data-lang=\"English\"><div class=\"wpb_column vc_column_container vc_col-sm-12\"><div class=\"vc_column-inner\"><div class=\"wpb_wrapper\"><div class='dt-sc-small-separator'><\/div>\n\t<div class=\"wpb_text_column wpb_content_element vc_custom_1736959887334\" >\n\t\t<div class=\"wpb_wrapper\">\n\t\t\t<p><center class=\"greenheading\">Do you have questions about chiropractic? You have complaints or would like to do something good for your body?<\/center><\/p>\n<p style=\"text-align: center;\">Rufen Sie uns gern an.<\/p>\n<p>&nbsp;<\/p>\n\n\t\t<\/div>\n\t<\/div>\n<\/div><\/div><\/div><\/div>\n<\/div>","protected":false},"excerpt":{"rendered":"Subluxationenwenn die Nervenbotschaften nicht ankommen Subluxationen sind Ver\u00e4nderungen insbesondere in der Wirbelstellung des R\u00fcckgrats, die zu Reizung, Unterversorgung oder Druck auf das Zentrale Nervensystem und der peripheren Nerven f\u00fchren. Vorhandene Subluxationen k\u00f6nnen sich im gesamten K\u00f6rper, im Bewegungsapparat und allen Organen auswirken. In der Folge k\u00f6nnen Schmerzen und Dysfunktionen entstehen, obwohl Subluxationen h\u00e4ufig jahrelang keine [...]","protected":false},"author":1,"featured_media":0,"parent":0,"menu_order":0,"comment_status":"closed","ping_status":"closed","template":"","meta":{"footnotes":""},"class_list":["post-10809","page","type-page","status-publish","hentry"],"_links":{"self":[{"href":"https:\/\/www.leb-chiropractic.de\/en\/wp-json\/wp\/v2\/pages\/10809","targetHints":{"allow":["GET"]}}],"collection":[{"href":"https:\/\/www.leb-chiropractic.de\/en\/wp-json\/wp\/v2\/pages"}],"about":[{"href":"https:\/\/www.leb-chiropractic.de\/en\/wp-json\/wp\/v2\/types\/page"}],"author":[{"embeddable":true,"href":"https:\/\/www.leb-chiropractic.de\/en\/wp-json\/wp\/v2\/users\/1"}],"replies":[{"embeddable":true,"href":"https:\/\/www.leb-chiropractic.de\/en\/wp-json\/wp\/v2\/comments?post=10809"}],"version-history":[{"count":35,"href":"https:\/\/www.leb-chiropractic.de\/en\/wp-json\/wp\/v2\/pages\/10809\/revisions"}],"predecessor-version":[{"id":16258,"href":"https:\/\/www.leb-chiropractic.de\/en\/wp-json\/wp\/v2\/pages\/10809\/revisions\/16258"}],"wp:attachment":[{"href":"https:\/\/www.leb-chiropractic.de\/en\/wp-json\/wp\/v2\/media?parent=10809"}],"curies":[{"name":"wp","href":"https:\/\/api.w.org\/{rel}","templated":true}]}}