{"id":10773,"date":"2018-07-12T08:23:49","date_gmt":"2018-07-12T06:23:49","guid":{"rendered":"http:\/\/www.project3.leb-chiropraktik.de\/?page_id=10773"},"modified":"2020-02-11T19:12:36","modified_gmt":"2020-02-11T18:12:36","slug":"chiropraktik","status":"publish","type":"page","link":"https:\/\/www.leb-chiropractic.de\/en\/chiropraktik\/","title":{"rendered":"Chiropractic"},"content":{"rendered":"<div class=\"wpb-content-wrapper\"><div class=\"vc_row wpb_row vc_row-fluid\" data-lang=\"English\"><div class=\"wpb_column vc_column_container vc_col-sm-12\"><div class=\"vc_column-inner\"><div class=\"wpb_wrapper\"><div class=\"vc_separator wpb_content_element vc_separator_align_center vc_sep_width_100 vc_sep_border_width_5 vc_sep_pos_align_center vc_separator_no_text vc_sep_color_grey wpb_content_element  wpb_content_element\" ><span class=\"vc_sep_holder vc_sep_holder_l\"><span class=\"vc_sep_line\"><\/span><\/span><span class=\"vc_sep_holder vc_sep_holder_r\"><span class=\"vc_sep_line\"><\/span><\/span>\n<\/div><\/div><\/div><\/div><div class=\"wpb_column vc_column_container vc_col-sm-5\"><div class=\"vc_column-inner\"><div class=\"wpb_wrapper\"><img loading=\"lazy\" decoding=\"async\" width=\"640\" height=\"426\" src=\"https:\/\/www.leb-chiropractic.de\/wp-content\/uploads\/2019\/03\/chiropraktik.jpg\" class=\"alignnone attachment-full\" alt=\"\" title=\"chiropraktik\" srcset=\"https:\/\/www.leb-chiropractic.de\/wp-content\/uploads\/2019\/03\/chiropraktik.jpg 640w, https:\/\/www.leb-chiropractic.de\/wp-content\/uploads\/2019\/03\/chiropraktik-300x200.jpg 300w, https:\/\/www.leb-chiropractic.de\/wp-content\/uploads\/2019\/03\/chiropraktik-540x359.jpg 540w, https:\/\/www.leb-chiropractic.de\/wp-content\/uploads\/2019\/03\/chiropraktik-600x400.jpg 600w\" sizes=\"auto, (max-width: 640px) 100vw, 640px\" \/><\/div><\/div><\/div><div class=\"wpb_column vc_column_container vc_col-sm-7\"><div class=\"vc_column-inner\"><div class=\"wpb_wrapper\"><h2>Health maintenance and prevention<\/h2>\n\t<div class=\"wpb_text_column wpb_content_element\" >\n\t\t<div class=\"wpb_wrapper\">\n\t\t\t<p>Chiropractic is an independent discipline. It specialises in the diagnosis, correction and prevention of dysfunctions of the nervous system that can affect the entire musculoskeletal system and the organs. Functional disorders (so-called subluxations) can manifest themselves as local and\/or radiating pain, dysfunctions, pain or movement restrictions.<\/p>\n<p>Chiropractic is about freeing the nervous system from disturbances. These nerve disorders, also known as subluxation, are effectively and safely corrected using various techniques. The aim is not to work symptom-related, but to eliminate the cause that can be found in the spine.<\/p>\n<p>Chiropractic brings subluxations back into balance through targeted adjustment and thus provides a clear alleviation of discomfort and\/or pain.<\/p>\n\n\t\t<\/div>\n\t<\/div>\n<div class=\"vc_row wpb_row vc_inner vc_row-fluid\"><div class=\"wpb_column vc_column_container vc_col-sm-6\"><div class=\"vc_column-inner\"><div class=\"wpb_wrapper\"><div class=\"vc_btn3-container vc_btn3-inline vc_do_btn\" ><a class=\"vc_general vc_btn3 vc_btn3-size-md vc_btn3-shape-rounded vc_btn3-style-classic vc_btn3-icon-left vc_btn3-color-green\" href=\"http:\/\/.\/behandlung\" title=\"\"><i class=\"vc_btn3-icon fa fa-info-circle\"><\/i> Treatment Process<\/a><\/div><\/div><\/div><\/div><div class=\"wpb_column vc_column_container vc_col-sm-6\"><div class=\"vc_column-inner\"><div class=\"wpb_wrapper\"><div class=\"vc_btn3-container vc_btn3-inline vc_do_btn\" ><a class=\"vc_general vc_btn3 vc_btn3-size-md vc_btn3-shape-rounded vc_btn3-style-classic vc_btn3-icon-left vc_btn3-color-green\" href=\"http:\/\/.\/behandlungsspektrum\" title=\"\"><i class=\"vc_btn3-icon fa fa-check\"><\/i> Range of treatments<\/a><\/div><\/div><\/div><\/div><\/div><\/div><\/div><\/div><\/div><div class=\"vc_row wpb_row vc_row-fluid\" data-lang=\"English\"><div class=\"wpb_column vc_column_container vc_col-sm-12\"><div class=\"vc_column-inner\"><div class=\"wpb_wrapper\"><div class=\"vc_separator wpb_content_element vc_separator_align_center vc_sep_width_100 vc_sep_border_width_5 vc_sep_pos_align_center vc_separator_no_text vc_sep_color_grey wpb_content_element  wpb_content_element\" ><span class=\"vc_sep_holder vc_sep_holder_l\"><span class=\"vc_sep_line\"><\/span><\/span><span class=\"vc_sep_holder vc_sep_holder_r\"><span class=\"vc_sep_line\"><\/span><\/span>\n<\/div><\/div><\/div><\/div><div class=\"wpb_column vc_column_container vc_col-sm-6\"><div class=\"vc_column-inner\"><div class=\"wpb_wrapper\"><h2>Short Story - Study of Chiropractic<\/h2>\n\t<div class=\"wpb_text_column wpb_content_element\" >\n\t\t<div class=\"wpb_wrapper\">\n\t\t\t<p>Hippocrates already knew the principles of chiropractic, but only the Canadian D.D. Palmer combined chiropractic into a scientific system in 1895. He developed a course of study which has been continuously further developed ever since.<\/p>\n<p>The first references to chiropractors in Germany can be found in the year 1924. The attempt to introduce a degree program in chiropractic in Germany failed (early 50s), as well as the attempt to inspire young people to study in America, being the reason for Werner Peper to cooperate with the medical profession to teach chiropractic to ordinary people. From this grouping arose the \"German Society for Manual Medicine\". In 1978, the German Chiropractors Society was initiated as a counter movement in Hamburg, which allows only graduated chiropractors as their members.<\/p>\n<p>Today, chiropractic is the third largest health profession in the world after general and dental medicine. It has been known as a gentle method since 1895 and is aimed at people of all ages: babies, toddlers, teenagers, adults, seniors, athletes. The study of chiropractic takes - depending on the country of study - 4 to 6 years today. It is recognized by the World Health Organization (WHO) and concludes with an internship at a university clinic and the Master of Chiropractic (MChiro, MscChiro) or Doctor of Chiropractic (D.C.).<\/p>\n\n\t\t<\/div>\n\t<\/div>\n<\/div><\/div><\/div><div class=\"wpb_column vc_column_container vc_col-sm-6\"><div class=\"vc_column-inner\"><div class=\"wpb_wrapper\"><img loading=\"lazy\" decoding=\"async\" width=\"1361\" height=\"907\" src=\"https:\/\/www.leb-chiropractic.de\/wp-content\/uploads\/2018\/08\/berger_stills_012.jpg\" class=\"aligncenter attachment-full\" alt=\"\" title=\"berger_stills_012\" srcset=\"https:\/\/www.leb-chiropractic.de\/wp-content\/uploads\/2018\/08\/berger_stills_012.jpg 1361w, https:\/\/www.leb-chiropractic.de\/wp-content\/uploads\/2018\/08\/berger_stills_012-300x200.jpg 300w, https:\/\/www.leb-chiropractic.de\/wp-content\/uploads\/2018\/08\/berger_stills_012-768x512.jpg 768w, https:\/\/www.leb-chiropractic.de\/wp-content\/uploads\/2018\/08\/berger_stills_012-1024x682.jpg 1024w, https:\/\/www.leb-chiropractic.de\/wp-content\/uploads\/2018\/08\/berger_stills_012-750x500.jpg 750w, https:\/\/www.leb-chiropractic.de\/wp-content\/uploads\/2018\/08\/berger_stills_012-540x360.jpg 540w, https:\/\/www.leb-chiropractic.de\/wp-content\/uploads\/2018\/08\/berger_stills_012-600x400.jpg 600w\" sizes=\"auto, (max-width: 1361px) 100vw, 1361px\" \/><\/div><\/div><\/div><\/div><div class=\"vc_row wpb_row vc_row-fluid\" data-lang=\"English\"><div class=\"wpb_column vc_column_container vc_col-sm-12\"><div class=\"vc_column-inner\"><div class=\"wpb_wrapper\"><div class=\"vc_separator wpb_content_element vc_separator_align_center vc_sep_width_100 vc_sep_border_width_5 vc_sep_pos_align_center vc_separator_no_text vc_sep_color_grey wpb_content_element  wpb_content_element\" ><span class=\"vc_sep_holder vc_sep_holder_l\"><span class=\"vc_sep_line\"><\/span><\/span><span class=\"vc_sep_holder vc_sep_holder_r\"><span class=\"vc_sep_line\"><\/span><\/span>\n<\/div><\/div><\/div><\/div><\/div><div class=\"vc_row wpb_row vc_row-fluid\" data-lang=\"English\"><div class=\"wpb_column vc_column_container vc_col-sm-12\"><div class=\"vc_column-inner\"><div class=\"wpb_wrapper\"><h2>The 12 Principles of Chiropractic<\/h2><\/div><\/div><\/div><\/div><div class=\"vc_row wpb_row vc_row-fluid\" data-lang=\"English\"><div class=\"wpb_column vc_column_container vc_col-sm-12\"><div class=\"vc_column-inner\"><div class=\"wpb_wrapper\">\n\t<div class=\"wpb_text_column wpb_content_element\" >\n\t\t<div class=\"wpb_wrapper\">\n\t\t\t<table id=\"tableDesktop\" class=\"numbering\">\n<tbody>\n<tr>\n<td>Our body is a self-healing, self-regulating organism.<\/td>\n<td>The nervous system is the main control organ of our self-healing, self-regulating body.<\/td>\n<td>When the nervous system is disturbed in its function, the body is no longer able to heal itself properly or to regulate itself.<\/td>\n<\/tr>\n<tr>\n<td>The nervous system is disturbed in its function by physical, toxic and mental\/emotional stressors.<\/td>\n<td>If these stressors manifest themselves in a displaced vertebra and the vertebra presses either on the spinal cord or the nerve root, we call this <a href=\"\/en\/behandlungsspektrum\/\">Subluxation<\/a>.<\/td>\n<td>The consequence of a subluxated spine is a body that does not function optimally and thus becomes weak, vulnerable and susceptible to disease.<\/td>\n<\/tr>\n<tr>\n<td>Because the nervous system controls everything in our body, subluxations can cause problems not only in the spine, but also in the periphery and organs.<\/td>\n<td>The main goal of chiropractic is to detect and specifically correct subluxations.<\/td>\n<td>The chiropractic treatment is called \"Justierung\" (\"to adjust\").<\/td>\n<\/tr>\n<tr>\n<td>The adjustment enables the body to heal and regulate itself properly.<\/td>\n<td>The body itself knows how and whether it has to react to the corrective impulse of the adjustment.<\/td>\n<td>Healing is a process that depends on many factors, most of which are beyond the control of a chiropractor.<\/td>\n<\/tr>\n<\/tbody>\n<\/table>\n<table id=\"tableMobile\" class=\"numbering\">\n<tbody>\n<tr>\n<td>Our body is a self-healing, self-regulating organism.<\/td>\n<td>The nervous system is the main control organ of our self-healing, self-regulating body.<\/td>\n<\/tr>\n<tr>\n<td>If the nervous system is disturbed in its function, the body is no longer able to heal itself properly or to regulate itself.<\/td>\n<td>The nervous system is disturbed in its function by physical, toxic and mental\/emotional stressors.<\/td>\n<\/tr>\n<tr>\n<td>If these stressors manifest themselves in a displaced vertebra and the vertebra presses either on the spinal cord or the nerve root, we call this <a href=\"\/en\/behandlungsspektrum\/\">Subluxation<\/a>.<\/td>\n<td>The consequence of a subluxated spine is a body that does not function optimally and thus becomes weak, vulnerable and susceptible to disease.<\/td>\n<\/tr>\n<tr>\n<td>Because the nervous system controls everything in our body, subluxations can cause problems not only in the spine, but also in the periphery and organs.<\/td>\n<td>The main goal of chiropractic is to detect and specifically correct subluxations.<\/td>\n<\/tr>\n<tr>\n<td>The chiropractic treatment is called \"Justierung\" (\"to adjust\").<\/td>\n<td>The adjustment enables the body to heal and regulate itself properly.<\/td>\n<\/tr>\n<tr>\n<td>The body itself knows how and whether it has to react to the corrective impulse of the adjustment.<\/td>\n<td>Healing is a process that depends on many factors, most of which are beyond the control of a chiropractor.<\/td>\n<\/tr>\n<\/tbody>\n<\/table>\n\n\t\t<\/div>\n\t<\/div>\n<\/div><\/div><\/div><\/div>\n<\/div>","protected":false},"excerpt":{"rendered":"Gesunderhaltung und Pr\u00e4vention durch gezielte Korrektur Die Chiropraktik ist eine eigenst\u00e4ndige Disziplin. Sie ist spezialisiert auf die Diagnose, die Korrektur und die Pr\u00e4vention von Funktionsst\u00f6rungen des Nervensystems, die den gesamten Bewegungsapparat und die Organe beeinflussen k\u00f6nnen. Funktionsst\u00f6rungen (sog. Subluxationen) k\u00f6nnen sich bspw. als lokale und\/oder ausstrahlende Schmerzen, Dysfunktionen, Schmerzen oder auch als Bewegungseinschr\u00e4nkungen zeigen. In [...]","protected":false},"author":1,"featured_media":0,"parent":0,"menu_order":0,"comment_status":"closed","ping_status":"closed","template":"","meta":{"footnotes":""},"class_list":["post-10773","page","type-page","status-publish","hentry"],"_links":{"self":[{"href":"https:\/\/www.leb-chiropractic.de\/en\/wp-json\/wp\/v2\/pages\/10773","targetHints":{"allow":["GET"]}}],"collection":[{"href":"https:\/\/www.leb-chiropractic.de\/en\/wp-json\/wp\/v2\/pages"}],"about":[{"href":"https:\/\/www.leb-chiropractic.de\/en\/wp-json\/wp\/v2\/types\/page"}],"author":[{"embeddable":true,"href":"https:\/\/www.leb-chiropractic.de\/en\/wp-json\/wp\/v2\/users\/1"}],"replies":[{"embeddable":true,"href":"https:\/\/www.leb-chiropractic.de\/en\/wp-json\/wp\/v2\/comments?post=10773"}],"version-history":[{"count":23,"href":"https:\/\/www.leb-chiropractic.de\/en\/wp-json\/wp\/v2\/pages\/10773\/revisions"}],"predecessor-version":[{"id":13520,"href":"https:\/\/www.leb-chiropractic.de\/en\/wp-json\/wp\/v2\/pages\/10773\/revisions\/13520"}],"wp:attachment":[{"href":"https:\/\/www.leb-chiropractic.de\/en\/wp-json\/wp\/v2\/media?parent=10773"}],"curies":[{"name":"wp","href":"https:\/\/api.w.org\/{rel}","templated":true}]}}